{"id":4992,"date":"2024-01-31T22:59:48","date_gmt":"2024-01-31T21:59:48","guid":{"rendered":"https:\/\/llacademia.com\/?page_id=4992"},"modified":"2024-02-08T23:04:23","modified_gmt":"2024-02-08T22:04:23","slug":"za-zdravje-zensk","status":"publish","type":"page","link":"https:\/\/llacademia.com\/index.php\/learning-point\/learning-point-map\/za-zdravje-zensk\/","title":{"rendered":"Za zdravje \u017eensk"},"content":{"rendered":"<p><strong>Podjetje Tosama<\/strong> odgovorno in prostovoljno prevzema del odgovornosti za trenutno nepolno pravico mladih do intimnega zdravja.<\/p>\n<p>Zavedamo se, da imajo mladostniki omejen dostop do takih higienskih pripomo\u010dkov, ki krepijo zdravje; izobra\u017eevalni proces jim ne pomaga presegati tabuje, povezane z intimo; premalo znanja o tej temi pa posredno vpliva tudi na padanje natalitete med Slovenci.<\/p>\n<blockquote>\n<h4><strong> Vsa tri \u017ego\u010da podro\u010dja pomagamo re\u0161evati z izobra\u017eevalno-donacijskim projektom \u00bbZA zdravje \u017eensk\u00ab.<\/strong><\/h4>\n<\/blockquote>\n<p>Z izobra\u017eevanjem mladih o intimni negi dekleta in fante osve\u0161\u010damo o pravilni skrbi zase, z doniranjem vlo\u017ekov in tamponov osnovnim \u0161olam pa aktivno orjemo ledino v preseganju menstrualne rev\u0161\u010dine. S projektom tako prispevamo k dvigu znanja med mladimi ter hkrati dejavno podpiramo dru\u017ebeno pobudo, ki se zavzema za brezpla\u010dne menstrualne pripomo\u010dke v javnih ustanovah.<\/p>\n<p>Ve\u010d informacij: www.zazdravjezensk.si<\/p>\n<p><img loading=\"lazy\" decoding=\"async\" class=\" wp-image-4997 alignleft\" src=\"https:\/\/llacademia.com\/wp-content\/uploads\/2024\/01\/image001-2.png\" alt=\"\" width=\"172\" height=\"253\" \/><img loading=\"lazy\" decoding=\"async\" class=\"alignnone wp-image-4999\" src=\"https:\/\/llacademia.com\/wp-content\/uploads\/2024\/01\/316326774_505885891559126_3684976361991795669_n-300x252.jpg\" alt=\"\" width=\"294\" height=\"247\" srcset=\"https:\/\/llacademia.com\/wp-content\/uploads\/2024\/01\/316326774_505885891559126_3684976361991795669_n-300x252.jpg 300w, https:\/\/llacademia.com\/wp-content\/uploads\/2024\/01\/316326774_505885891559126_3684976361991795669_n-1024x860.jpg 1024w, https:\/\/llacademia.com\/wp-content\/uploads\/2024\/01\/316326774_505885891559126_3684976361991795669_n-768x645.jpg 768w, https:\/\/llacademia.com\/wp-content\/uploads\/2024\/01\/316326774_505885891559126_3684976361991795669_n.jpg 1120w\" sizes=\"auto, (max-width: 294px) 100vw, 294px\" \/><\/p>\n","protected":false},"excerpt":{"rendered":"<p>Podjetje Tosama odgovorno in prostovoljno prevzema del odgovornosti za trenutno nepolno pravico mladih do intimnega zdravja. Zavedamo se, da imajo mladostniki omejen dostop do takih higienskih pripomo\u010dkov, ki krepijo zdravje; izobra\u017eevalni proces jim ne pomaga presegati tabuje, povezane z intimo; premalo znanja o tej temi pa posredno vpliva tudi na padanje natalitete med Slovenci. Vsa &hellip;<\/p>\n","protected":false},"author":2,"featured_media":4993,"parent":4463,"menu_order":0,"comment_status":"closed","ping_status":"closed","template":"","meta":{"_acf_changed":false,"footnotes":""},"class_list":{"0":"post-4992","1":"page","2":"type-page","3":"status-publish","4":"has-post-thumbnail","6":"clearfix","7":"article"},"acf":[],"_links":{"self":[{"href":"https:\/\/llacademia.com\/index.php\/wp-json\/wp\/v2\/pages\/4992","targetHints":{"allow":["GET"]}}],"collection":[{"href":"https:\/\/llacademia.com\/index.php\/wp-json\/wp\/v2\/pages"}],"about":[{"href":"https:\/\/llacademia.com\/index.php\/wp-json\/wp\/v2\/types\/page"}],"author":[{"embeddable":true,"href":"https:\/\/llacademia.com\/index.php\/wp-json\/wp\/v2\/users\/2"}],"replies":[{"embeddable":true,"href":"https:\/\/llacademia.com\/index.php\/wp-json\/wp\/v2\/comments?post=4992"}],"version-history":[{"count":0,"href":"https:\/\/llacademia.com\/index.php\/wp-json\/wp\/v2\/pages\/4992\/revisions"}],"up":[{"embeddable":true,"href":"https:\/\/llacademia.com\/index.php\/wp-json\/wp\/v2\/pages\/4463"}],"wp:featuredmedia":[{"embeddable":true,"href":"https:\/\/llacademia.com\/index.php\/wp-json\/wp\/v2\/media\/4993"}],"wp:attachment":[{"href":"https:\/\/llacademia.com\/index.php\/wp-json\/wp\/v2\/media?parent=4992"}],"curies":[{"name":"wp","href":"https:\/\/api.w.org\/{rel}","templated":true}]}}