{"id":4948,"date":"2023-12-10T20:59:48","date_gmt":"2023-12-10T19:59:48","guid":{"rendered":"https:\/\/llacademia.com\/?page_id=4948"},"modified":"2023-12-10T21:26:06","modified_gmt":"2023-12-10T20:26:06","slug":"vinariumu-lendava","status":"publish","type":"page","link":"https:\/\/llacademia.com\/index.php\/learning-point\/learning-point-map\/vinariumu-lendava\/","title":{"rendered":"Vinariumu Lendava"},"content":{"rendered":"<div>\n<div>Razgledovanje po Prekmurju se pri\u010dne v Vinariumu Lendava, ki je del vinske ceste, ki se dviga nad mestom.<\/div>\n<div><\/div>\n<div>Vinska cesta in lokalna kulinarika ter adrenalinska do\u017eivetja pa ustvarita tiste prese\u017eke, ki jih je vredno obiskati. Na najvi\u0161jo razgledno plo\u0161\u010dad stolpa se lahko udobno povzpnete z dvigalom ali po 240 stopnicah in do\u017eivite truda vreden vpon, ki ponuja\u00a0 osupljiv pogled.<\/div>\n<div><\/div>\n<\/div>\n<div><img loading=\"lazy\" decoding=\"async\" class=\"wp-image-4953 size-large aligncenter\" src=\"https:\/\/llacademia.com\/wp-content\/uploads\/2023\/12\/LLA-LP-Vinarium-2-1024x323.jpg\" alt=\"\" width=\"1024\" height=\"323\" srcset=\"https:\/\/llacademia.com\/wp-content\/uploads\/2023\/12\/LLA-LP-Vinarium-2-1024x323.jpg 1024w, https:\/\/llacademia.com\/wp-content\/uploads\/2023\/12\/LLA-LP-Vinarium-2-300x95.jpg 300w, https:\/\/llacademia.com\/wp-content\/uploads\/2023\/12\/LLA-LP-Vinarium-2-768x243.jpg 768w, https:\/\/llacademia.com\/wp-content\/uploads\/2023\/12\/LLA-LP-Vinarium-2-1536x485.jpg 1536w, https:\/\/llacademia.com\/wp-content\/uploads\/2023\/12\/LLA-LP-Vinarium-2.jpg 1900w\" sizes=\"auto, (max-width: 1024px) 100vw, 1024px\" \/><\/div>\n<div><\/div>\n<div>Le redko imate mo\u017enost pogleda \u0161tirih dr\u017eav (Slovenije, Mad\u017earske, Hrva\u0161ke in Avstrije) z ene to\u010dke, ki je na vi\u0161ini 53,5 m.<\/div>\n<div><\/div>\n<div>Ob spustu se prepustite u\u017eitkom kulinarike, saj vinska cesta, ki se dviga nad mestom predstavlja najve\u010dje strnjeno vinogradni\u0161ko obmo\u010dje Slovenije. Podro\u010dje se lahko pohvali s strani poznavalcev, ki so Lendavske gorice ozna\u010dili na najlep\u0161e in najskrbneje obdelane vinograde na Slovenskem.<\/div>\n<div><\/div>\n<div>Poizkusiti je vredno bogra\u010d, ki je po pri\u010devanjih nastal ob vsakoletnem sre\u010danju pastirjev razli\u010dne \u017eivine. Vsak pastir je namre\u010d na sre\u010danje prinesel<\/div>\n<div>meso svoje \u017eivine in \u010debulo. Ob zaklju\u010dku pastirskih iger so pastirji zakurili ogenj \u00a0in dodali v kotel (posodo, ki se imnuje bogra\u010d) vsak svoj kos mesa<\/div>\n<div>zalili z vinom iz svojih lesenih \u010dutaric in tako dobili izvrstno mesno jed imenovano bogra\u010d gola\u017e, ki ima \u0161e danes med doma\u010dini posebno mesto v njihovih srcih.<\/div>\n<div><\/div>\n<blockquote>\n<div><strong>V ta nemen potekajo tekmovanja v kuhanju, kjer sodeluje ve\u010d kot 100 ekip. Od leta 2011 pa je Lendava tudi svetovna prestolnica bogra\u010da.<\/strong><\/div>\n<\/blockquote>\n<div><\/div>\n<div><img loading=\"lazy\" decoding=\"async\" class=\"size-medium wp-image-4931 alignleft\" src=\"https:\/\/llacademia.com\/wp-content\/uploads\/2023\/12\/LLA-LP-Vinarium-5-300x169.jpg\" alt=\"\" width=\"300\" height=\"169\" srcset=\"https:\/\/llacademia.com\/wp-content\/uploads\/2023\/12\/LLA-LP-Vinarium-5-300x169.jpg 300w, https:\/\/llacademia.com\/wp-content\/uploads\/2023\/12\/LLA-LP-Vinarium-5-768x432.jpg 768w, https:\/\/llacademia.com\/wp-content\/uploads\/2023\/12\/LLA-LP-Vinarium-5-245x139.jpg 245w, https:\/\/llacademia.com\/wp-content\/uploads\/2023\/12\/LLA-LP-Vinarium-5.jpg 800w\" sizes=\"auto, (max-width: 300px) 100vw, 300px\" \/>Za najbolj pogumne, ki jim to ni dovolj ponudba zajema \u0161e na adrenalinsko preizku\u0161njo z edino dvojno jeklenico v Sloveniji. Predstavlja tudi novost<\/div>\n<div>v slovenskem prostoru, saj sta z izhodi\u0161\u010dne to\u010dke v neposredni bli\u017eini Piramida v Lendavskih goricah in do kon\u010dne to\u010dke v bli\u017eini razglednega stolpa<\/div>\n<div>speljani dve vzporedni 500 m dolgi \u00a0jeklenici, ki na najhitrej\u0161i to\u010dki omogo\u010data spu\u0161\u010danje med 50 in 65 km na uro.<\/div>\n","protected":false},"excerpt":{"rendered":"<p>Razgledovanje po Prekmurju se pri\u010dne v Vinariumu Lendava, ki je del vinske ceste, ki se dviga nad mestom. Vinska cesta in lokalna kulinarika ter adrenalinska do\u017eivetja pa ustvarita tiste prese\u017eke, ki jih je vredno obiskati. Na najvi\u0161jo razgledno plo\u0161\u010dad stolpa se lahko udobno povzpnete z dvigalom ali po 240 stopnicah in do\u017eivite truda vreden vpon, &hellip;<\/p>\n","protected":false},"author":2,"featured_media":4935,"parent":4463,"menu_order":0,"comment_status":"closed","ping_status":"closed","template":"","meta":{"_acf_changed":false,"footnotes":""},"class_list":{"0":"post-4948","1":"page","2":"type-page","3":"status-publish","4":"has-post-thumbnail","6":"clearfix","7":"article"},"acf":[],"_links":{"self":[{"href":"https:\/\/llacademia.com\/index.php\/wp-json\/wp\/v2\/pages\/4948","targetHints":{"allow":["GET"]}}],"collection":[{"href":"https:\/\/llacademia.com\/index.php\/wp-json\/wp\/v2\/pages"}],"about":[{"href":"https:\/\/llacademia.com\/index.php\/wp-json\/wp\/v2\/types\/page"}],"author":[{"embeddable":true,"href":"https:\/\/llacademia.com\/index.php\/wp-json\/wp\/v2\/users\/2"}],"replies":[{"embeddable":true,"href":"https:\/\/llacademia.com\/index.php\/wp-json\/wp\/v2\/comments?post=4948"}],"version-history":[{"count":0,"href":"https:\/\/llacademia.com\/index.php\/wp-json\/wp\/v2\/pages\/4948\/revisions"}],"up":[{"embeddable":true,"href":"https:\/\/llacademia.com\/index.php\/wp-json\/wp\/v2\/pages\/4463"}],"wp:featuredmedia":[{"embeddable":true,"href":"https:\/\/llacademia.com\/index.php\/wp-json\/wp\/v2\/media\/4935"}],"wp:attachment":[{"href":"https:\/\/llacademia.com\/index.php\/wp-json\/wp\/v2\/media?parent=4948"}],"curies":[{"name":"wp","href":"https:\/\/api.w.org\/{rel}","templated":true}]}}