{"id":4914,"date":"2023-12-05T16:11:38","date_gmt":"2023-12-05T15:11:38","guid":{"rendered":"https:\/\/llacademia.com\/?page_id=4914"},"modified":"2023-12-05T16:20:04","modified_gmt":"2023-12-05T15:20:04","slug":"zoo-ljubljana","status":"publish","type":"page","link":"https:\/\/llacademia.com\/index.php\/learning-point\/learning-point-map\/zoo-ljubljana\/","title":{"rendered":"ZOO Ljubljana"},"content":{"rendered":"<div>\n<div>\u017divalski vrt Ljubljana je bil ustanovljen leta 1949.<\/div>\n<div>Prve kletke so bile name\u0161\u010dene v sredi\u0161\u010du Ljubljane, leta 1951 pa se je preselil na dana\u0161nje obmo\u010dje &#8211; jugozahodni del Ro\u017enika, kjer zavzema 19,6 ha povr\u0161ine in ima 6,5 km sprehajalnih poti. Od leta 1988 se razvija kot sodoben \u017eivalski vrt in zaposleni se trudijo, da vsaki \u017eivali uredijo \u010dim bolj naraven prostor, ki\u00a0se sicer od vrste do vrste razlikuje, vendar za vse vrste (jih je okoli 10)\u00a0vsebuje vse, kar \u017eivali potrebujejo: prostor za spanje, son\u010denje, kopanje, iztrebljanje, opazovanje, skrivanje, igranje.<\/div>\n<div><\/div>\n<p>\u017divalski vrt Ljubljana goji domorodno \u017eivalstvo Slovenije in nekaj tujerodnih predstavnikov dvo\u017eivk, plazilcev, pti\u010dev in sesalcev. Svoje poslanstvo zaposleni uresnicujejo z izobrazevalnimi, naravovarstvenimi ni znanstveno- raziskovalnimi aktivnostmi.<img loading=\"lazy\" decoding=\"async\" class=\"size-medium wp-image-4915 alignleft\" src=\"https:\/\/llacademia.com\/wp-content\/uploads\/2023\/12\/macji-panda-1-300x300.jpg\" alt=\"\" width=\"300\" height=\"300\" srcset=\"https:\/\/llacademia.com\/wp-content\/uploads\/2023\/12\/macji-panda-1-300x300.jpg 300w, https:\/\/llacademia.com\/wp-content\/uploads\/2023\/12\/macji-panda-1-1024x1024.jpg 1024w, https:\/\/llacademia.com\/wp-content\/uploads\/2023\/12\/macji-panda-1-150x150.jpg 150w, https:\/\/llacademia.com\/wp-content\/uploads\/2023\/12\/macji-panda-1-768x768.jpg 768w, https:\/\/llacademia.com\/wp-content\/uploads\/2023\/12\/macji-panda-1-100x100.jpg 100w, https:\/\/llacademia.com\/wp-content\/uploads\/2023\/12\/macji-panda-1.jpg 1535w\" sizes=\"auto, (max-width: 300px) 100vw, 300px\" \/><\/p>\n<\/div>\n<div>\n<div><\/div>\n<div>Zastavljena vizija je pou\u010devati o ohranjanju biotske raznovrstnosti z u\u010dinkovitimi naravovarstvenimi programi, ki ozavescajo ni povezujejo ljudi z naravo ter spodbujajo trajnostno vsakodnevno ravnanje.<\/div>\n<div><\/div>\n<div>\u010ce so v\u00a020. stoletju \u00a0nastajali \u00a0\u017eivalski vrtovi, ki so prikazovali \u00a0\u017eivali v\u00a0\u010dim bolj naravnem okolju \u00a0s \u00a0poudarkom na ekologiji, potem v \u00a021. stoletju nastajajo centri za varstvo\u00a0narave, kjer prikazujejo ekolo\u0161ko soodvisnost med\u00a0ne\u017eivo in \u017eivo naravo ter odnose znotraj vrst. Pomembno je varstvo narave in naravnega okolja. Celovito oskrbo \u017eivali\u00a0izvajajo strokovno usposobljeni zaposleni, Le ta zajema primerno urejeno ogrado, kvalitetno hrano, vsestransko veterinarsko oskrbo, treninge, dnevno popestritev in primerno\u00a0izbiro vrstnikov.<\/div>\n<div><\/div>\n<div>Na podlagi vseh prizadevanj in usmeritev je \u00a0trud zaposlenih popla\u010dan, saj ZOO Ljubljana letno obi\u0161\u010de okoli 350.000 obiskovalcev in ve\u010d.<\/div>\n<hr \/>\n<div><\/div>\n<\/div>\n<div><strong>ENG<\/strong><\/div>\n<div>\n<div>\n<p>Ljubljana Zoo was established in 1949. The first cages were placed in the center of Ljubljana, but in 1951, it moved to its current location &#8211; the southwest part of Ro\u017enik, covering an area of 19.6 hectares with 6.5 kilometers of walking paths. Since 1988, it has developed into a modern zoo, and the staff strive to provide each animal with a natural environment. Although the natural environment varies from species to species, for all types (about 10), it includes everything the animals need: space for sleeping, sunbathing, bathing, defecating, observing, hiding, and playing.<\/p>\n<p>Ljubljana Zoo cultivates native Slovenian wildlife and some non-native representatives of amphibians, reptiles, birds, and mammals. The staff fulfill their mission through educational, conservation, and scientific research activities.<\/p>\n<p>The set vision is to educate about the conservation of biodiversity through effective conservation programs that raise awareness and connect people with nature, promoting sustainable daily behavior. If zoos in the 20th century focused on displaying animals in the most natural environment with an emphasis on ecology, in the 21st century, nature conservation centers are emerging, showcasing the ecological interdependence between the living and non-living nature and relationships within species. Nature and environmental conservation are crucial. The comprehensive care of animals is provided by professionally trained staff, including well-maintained enclosures, quality food, comprehensive veterinary care, training, daily enrichment, and appropriate peer selection.<\/p>\n<p>Based on all the efforts and directions, the staff&#8217;s dedication pays off, as Ljubljana Zoo is visited by around 350,000 visitors annually and more.<\/p>\n<hr \/>\n<p><img loading=\"lazy\" decoding=\"async\" class=\"alignnone size-medium wp-image-4919\" src=\"https:\/\/llacademia.com\/wp-content\/uploads\/2023\/12\/Zoo-590-x-393-300x200.jpg\" alt=\"\" width=\"300\" height=\"200\" srcset=\"https:\/\/llacademia.com\/wp-content\/uploads\/2023\/12\/Zoo-590-x-393-300x200.jpg 300w, https:\/\/llacademia.com\/wp-content\/uploads\/2023\/12\/Zoo-590-x-393-120x80.jpg 120w, https:\/\/llacademia.com\/wp-content\/uploads\/2023\/12\/Zoo-590-x-393-245x163.jpg 245w, https:\/\/llacademia.com\/wp-content\/uploads\/2023\/12\/Zoo-590-x-393-272x182.jpg 272w, https:\/\/llacademia.com\/wp-content\/uploads\/2023\/12\/Zoo-590-x-393.jpg 590w\" sizes=\"auto, (max-width: 300px) 100vw, 300px\" \/> <img loading=\"lazy\" decoding=\"async\" class=\"alignnone size-medium wp-image-4920\" src=\"https:\/\/llacademia.com\/wp-content\/uploads\/2023\/12\/slonica-396-x-264-300x200.jpg\" alt=\"\" width=\"300\" height=\"200\" srcset=\"https:\/\/llacademia.com\/wp-content\/uploads\/2023\/12\/slonica-396-x-264-300x200.jpg 300w, https:\/\/llacademia.com\/wp-content\/uploads\/2023\/12\/slonica-396-x-264-120x80.jpg 120w, https:\/\/llacademia.com\/wp-content\/uploads\/2023\/12\/slonica-396-x-264-245x163.jpg 245w, https:\/\/llacademia.com\/wp-content\/uploads\/2023\/12\/slonica-396-x-264-272x182.jpg 272w, https:\/\/llacademia.com\/wp-content\/uploads\/2023\/12\/slonica-396-x-264.jpg 396w\" sizes=\"auto, (max-width: 300px) 100vw, 300px\" \/><\/p>\n<\/div>\n<\/div>\n","protected":false},"excerpt":{"rendered":"<p>\u017divalski vrt Ljubljana je bil ustanovljen leta 1949. Prve kletke so bile name\u0161\u010dene v sredi\u0161\u010du Ljubljane, leta 1951 pa se je preselil na dana\u0161nje obmo\u010dje &#8211; jugozahodni del Ro\u017enika, kjer zavzema 19,6 ha povr\u0161ine in ima 6,5 km sprehajalnih poti. Od leta 1988 se razvija kot sodoben \u017eivalski vrt in zaposleni se trudijo, da vsaki &hellip;<\/p>\n","protected":false},"author":2,"featured_media":4915,"parent":4463,"menu_order":0,"comment_status":"closed","ping_status":"closed","template":"","meta":{"_acf_changed":false,"footnotes":""},"class_list":{"0":"post-4914","1":"page","2":"type-page","3":"status-publish","4":"has-post-thumbnail","6":"clearfix","7":"article"},"acf":[],"_links":{"self":[{"href":"https:\/\/llacademia.com\/index.php\/wp-json\/wp\/v2\/pages\/4914","targetHints":{"allow":["GET"]}}],"collection":[{"href":"https:\/\/llacademia.com\/index.php\/wp-json\/wp\/v2\/pages"}],"about":[{"href":"https:\/\/llacademia.com\/index.php\/wp-json\/wp\/v2\/types\/page"}],"author":[{"embeddable":true,"href":"https:\/\/llacademia.com\/index.php\/wp-json\/wp\/v2\/users\/2"}],"replies":[{"embeddable":true,"href":"https:\/\/llacademia.com\/index.php\/wp-json\/wp\/v2\/comments?post=4914"}],"version-history":[{"count":0,"href":"https:\/\/llacademia.com\/index.php\/wp-json\/wp\/v2\/pages\/4914\/revisions"}],"up":[{"embeddable":true,"href":"https:\/\/llacademia.com\/index.php\/wp-json\/wp\/v2\/pages\/4463"}],"wp:featuredmedia":[{"embeddable":true,"href":"https:\/\/llacademia.com\/index.php\/wp-json\/wp\/v2\/media\/4915"}],"wp:attachment":[{"href":"https:\/\/llacademia.com\/index.php\/wp-json\/wp\/v2\/media?parent=4914"}],"curies":[{"name":"wp","href":"https:\/\/api.w.org\/{rel}","templated":true}]}}