{"id":4841,"date":"2023-11-26T21:25:46","date_gmt":"2023-11-26T20:25:46","guid":{"rendered":"https:\/\/llacademia.com\/?page_id=4841"},"modified":"2023-11-26T21:59:09","modified_gmt":"2023-11-26T20:59:09","slug":"triglavski-narodni-park-tnp","status":"publish","type":"page","link":"https:\/\/llacademia.com\/index.php\/learning-point\/learning-point-map\/triglavski-narodni-park-tnp\/","title":{"rendered":"Triglavski narodni park TNP"},"content":{"rendered":"<div id=\"pl-4841\"  class=\"panel-layout\" ><div id=\"pg-4841-0\"  class=\"panel-grid panel-no-style\" ><div id=\"pgc-4841-0-0\"  class=\"panel-grid-cell\" ><div id=\"panel-4841-0-0-0\" class=\"so-panel widget widget_sow-editor panel-first-child panel-last-child\" data-index=\"0\" ><div\n\t\t\t\n\t\t\tclass=\"so-widget-sow-editor so-widget-sow-editor-base\"\n\t\t\t\n\t\t>\n<div class=\"siteorigin-widget-tinymce textwidget\">\n\t<p><strong>Vizija Triglavskega narodnega parka<\/strong><\/p>\n<p>Triglavski narodni park je kot edinstveno zavarovano obmo\u010dje v alpskem svetu prednostno namenjeno ohranjanju ekosistemov in naravnih procesov, naravnih vrednot, pestrosti habitatnih tipov, \u017eivalskih in rastlinskih vrst ter kakovosti in pestrosti krajin.<\/p>\n<p>V naseljenih delih narodnega parka je poudarek na ohranjanju kulturne dedi\u0161\u010dine in kakovosti kulturne krajine, ki je rezultat dolgoletnega so\u017eitja doma\u010dinov in narave. Lokalnim prebivalcem se ob podpori ustreznih vladnih resorjev zagotavljajo gospodarski in dru\u017ebeni pogoji za trajnostni razvoj dejavnosti, ki omogo\u010dajo in podpirajo ohranjanje poselitve, kakovostno bivalno in delovno okolje, zna\u010dilno identiteto in tradicionalno rabo naravnih dobrin.<\/p>\n<p>\u00a0<\/p>\n<\/div>\n<\/div><\/div><\/div><\/div><div id=\"pg-4841-1\"  class=\"panel-grid panel-no-style\" ><div id=\"pgc-4841-1-0\"  class=\"panel-grid-cell\" ><div id=\"panel-4841-1-0-0\" class=\"so-panel widget widget_sow-simple-masonry panel-first-child panel-last-child\" data-index=\"1\" ><div\n\t\t\t\n\t\t\tclass=\"so-widget-sow-simple-masonry so-widget-sow-simple-masonry-default-d75171398898-4841\"\n\t\t\t\n\t\t>\n\n<div class=\"sow-masonry-grid\"\n\tdata-layouts=\"{&quot;desktop&quot;:{&quot;numColumns&quot;:4,&quot;rowHeight&quot;:0,&quot;gutter&quot;:0},&quot;tablet&quot;:{&quot;breakPoint&quot;:768,&quot;numColumns&quot;:2,&quot;rowHeight&quot;:0,&quot;gutter&quot;:0},&quot;mobile&quot;:{&quot;breakPoint&quot;:480,&quot;numColumns&quot;:1,&quot;rowHeight&quot;:0,&quot;gutter&quot;:0}}\" data-layout-origin-left=\"true\" >\n\t\t\t\t<div class=\"sow-masonry-grid-item\" data-col-span=\"1\"\n\t\t\t\tdata-row-span=\"1\">\n\t\t\t\t\n\t\t\t\t\n\t\t\t\t<img loading=\"lazy\" decoding=\"async\" width=\"1510\" height=\"750\" src=\"https:\/\/llacademia.com\/wp-content\/uploads\/2023\/11\/Life_Learning_Academia-_TNP_1.jpg\" class=\"sow-masonry-grid-image\" alt=\"\" title=\"Life_Learning_Academia _TNP_1\" srcset=\"https:\/\/llacademia.com\/wp-content\/uploads\/2023\/11\/Life_Learning_Academia-_TNP_1.jpg 1510w, https:\/\/llacademia.com\/wp-content\/uploads\/2023\/11\/Life_Learning_Academia-_TNP_1-300x149.jpg 300w, https:\/\/llacademia.com\/wp-content\/uploads\/2023\/11\/Life_Learning_Academia-_TNP_1-1024x509.jpg 1024w, https:\/\/llacademia.com\/wp-content\/uploads\/2023\/11\/Life_Learning_Academia-_TNP_1-768x381.jpg 768w\" sizes=\"auto, (max-width: 1510px) 100vw, 1510px\" \/>\n\t\t\t\t\n\t\t\t\t\t\t\t<\/div>\n\t\t\t\t\t\t<div class=\"sow-masonry-grid-item\" data-col-span=\"1\"\n\t\t\t\tdata-row-span=\"1\">\n\t\t\t\t\n\t\t\t\t\n\t\t\t\t<img loading=\"lazy\" decoding=\"async\" width=\"2560\" height=\"1440\" src=\"https:\/\/llacademia.com\/wp-content\/uploads\/2023\/11\/Life_Learning_Academia-_TNP_2-scaled.jpg\" class=\"sow-masonry-grid-image\" alt=\"\" title=\"Life_Learning_Academia _TNP_2\" srcset=\"https:\/\/llacademia.com\/wp-content\/uploads\/2023\/11\/Life_Learning_Academia-_TNP_2-scaled.jpg 2560w, https:\/\/llacademia.com\/wp-content\/uploads\/2023\/11\/Life_Learning_Academia-_TNP_2-300x169.jpg 300w, https:\/\/llacademia.com\/wp-content\/uploads\/2023\/11\/Life_Learning_Academia-_TNP_2-1024x576.jpg 1024w, https:\/\/llacademia.com\/wp-content\/uploads\/2023\/11\/Life_Learning_Academia-_TNP_2-768x432.jpg 768w, https:\/\/llacademia.com\/wp-content\/uploads\/2023\/11\/Life_Learning_Academia-_TNP_2-1536x864.jpg 1536w, https:\/\/llacademia.com\/wp-content\/uploads\/2023\/11\/Life_Learning_Academia-_TNP_2-2048x1152.jpg 2048w, https:\/\/llacademia.com\/wp-content\/uploads\/2023\/11\/Life_Learning_Academia-_TNP_2-245x139.jpg 245w\" sizes=\"auto, (max-width: 2560px) 100vw, 2560px\" \/>\n\t\t\t\t\n\t\t\t\t\t\t\t<\/div>\n\t\t\t\t\t\t<div class=\"sow-masonry-grid-item\" data-col-span=\"1\"\n\t\t\t\tdata-row-span=\"1\">\n\t\t\t\t\n\t\t\t\t\n\t\t\t\t<img loading=\"lazy\" decoding=\"async\" width=\"2048\" height=\"1365\" src=\"https:\/\/llacademia.com\/wp-content\/uploads\/2023\/11\/Life_Learning_Academia-_TNP_4.jpg\" class=\"sow-masonry-grid-image\" alt=\"\" title=\"Life_Learning_Academia _TNP_4\" srcset=\"https:\/\/llacademia.com\/wp-content\/uploads\/2023\/11\/Life_Learning_Academia-_TNP_4.jpg 2048w, https:\/\/llacademia.com\/wp-content\/uploads\/2023\/11\/Life_Learning_Academia-_TNP_4-300x200.jpg 300w, https:\/\/llacademia.com\/wp-content\/uploads\/2023\/11\/Life_Learning_Academia-_TNP_4-1024x683.jpg 1024w, https:\/\/llacademia.com\/wp-content\/uploads\/2023\/11\/Life_Learning_Academia-_TNP_4-768x512.jpg 768w, https:\/\/llacademia.com\/wp-content\/uploads\/2023\/11\/Life_Learning_Academia-_TNP_4-120x80.jpg 120w, https:\/\/llacademia.com\/wp-content\/uploads\/2023\/11\/Life_Learning_Academia-_TNP_4-1536x1024.jpg 1536w, https:\/\/llacademia.com\/wp-content\/uploads\/2023\/11\/Life_Learning_Academia-_TNP_4-245x163.jpg 245w, https:\/\/llacademia.com\/wp-content\/uploads\/2023\/11\/Life_Learning_Academia-_TNP_4-272x182.jpg 272w\" sizes=\"auto, (max-width: 2048px) 100vw, 2048px\" \/>\n\t\t\t\t\n\t\t\t\t\t\t\t<\/div>\n\t\t\t\t\t\t<div class=\"sow-masonry-grid-item\" data-col-span=\"1\"\n\t\t\t\tdata-row-span=\"1\">\n\t\t\t\t\n\t\t\t\t\n\t\t\t\t<img loading=\"lazy\" decoding=\"async\" width=\"1510\" height=\"750\" src=\"https:\/\/llacademia.com\/wp-content\/uploads\/2023\/11\/Life_Learning_Academia-_TNP_5.jpg\" class=\"sow-masonry-grid-image\" alt=\"\" title=\"Life_Learning_Academia _TNP_5\" srcset=\"https:\/\/llacademia.com\/wp-content\/uploads\/2023\/11\/Life_Learning_Academia-_TNP_5.jpg 1510w, https:\/\/llacademia.com\/wp-content\/uploads\/2023\/11\/Life_Learning_Academia-_TNP_5-300x149.jpg 300w, https:\/\/llacademia.com\/wp-content\/uploads\/2023\/11\/Life_Learning_Academia-_TNP_5-1024x509.jpg 1024w, https:\/\/llacademia.com\/wp-content\/uploads\/2023\/11\/Life_Learning_Academia-_TNP_5-768x381.jpg 768w\" sizes=\"auto, (max-width: 1510px) 100vw, 1510px\" \/>\n\t\t\t\t\n\t\t\t\t\t\t\t<\/div>\n\t\t\t\n<\/div>\n<\/div><\/div><\/div><\/div><div id=\"pg-4841-2\"  class=\"panel-grid panel-no-style\" ><div id=\"pgc-4841-2-0\"  class=\"panel-grid-cell\" ><div id=\"panel-4841-2-0-0\" class=\"so-panel widget widget_sow-editor panel-first-child panel-last-child\" data-index=\"2\" ><div\n\t\t\t\n\t\t\tclass=\"so-widget-sow-editor so-widget-sow-editor-base\"\n\t\t\t\n\t\t>\n<div class=\"siteorigin-widget-tinymce textwidget\">\n\t<blockquote>\n<h4><span style=\"color: #008000;\">Triglavski narodni park je edini narodni park v Sloveniji. Ime je dobil po Triglavu, ki se v osr\u010dju parka dviguje najvi\u0161je (2864 m) in je hkrati tudi najvi\u0161ji slovenski vrh.<\/span><\/h4>\n<\/blockquote>\n<p>&nbsp;<\/p>\n<p>Triglavski narodni park se razprostira na\u00a0<strong>severozahodu Slovenije<\/strong>\u00a0<u>ob meji z Italijo<\/u>\u00a0in\u00a0<u>blizu meje z Avstrijo<\/u>, na\u00a0<strong>jugovzhodnem delu alpskega masiva<\/strong>. Skoraj popolnoma se prekriva z Vzhodnimi Julijskimi Alpami.<\/p>\n<p>Obsega\u00a0<em><strong>840 kvadratnih kilometrov<\/strong><\/em>, kar je<strong><em>\u00a0\u0161tiri odstotke povr\u0161ine Slovenije<\/em><\/strong>.\u00a0<u>Spada med najstarej\u0161e evropske parke<\/u>; prvo varovanje sega v leto 1924, ko je bil ustanovljen Alpski varstveni park.<\/p>\n<p><strong>Mejniki v zgodovini Triglavskega narodnega parka<\/strong><\/p>\n<ul>\n<li>1908, predlog dr. Albina Belarja za varstveni park nad Komar\u010do<\/li>\n<li>1924, nastanek \u00bbAlpskega varstvenega parka\u00ab v dolini Triglavskih jezer (1600 ha)<\/li>\n<li>1961, odlok o razglasitvi Doline Triglavskih jezer za \u00bbTriglavski narodni park\u00ab (2000 ha)<\/li>\n<li>1981, uzakonitev Triglavskega narodnega parka z Zakonom o Triglavskem narodnem parku<\/li>\n<li>2010, nov Zakon o Triglavskem narodnem parku in pove\u010danje parka (vklju\u010ditev naselja Kne\u0161ke ravne z bli\u017enjo okolico)<\/li>\n<\/ul>\n<p>&nbsp;<\/p>\n<\/div>\n<\/div><\/div><\/div><\/div><div id=\"pg-4841-3\"  class=\"panel-grid panel-has-style\" ><div class=\"siteorigin-panels-stretch panel-row-style panel-row-style-for-4841-3\" data-stretch-type=\"full\" ><div id=\"pgc-4841-3-0\"  class=\"panel-grid-cell\" ><div id=\"panel-4841-3-0-0\" class=\"so-panel widget widget_sow-editor panel-first-child panel-last-child\" data-index=\"3\" ><div\n\t\t\t\n\t\t\tclass=\"so-widget-sow-editor so-widget-sow-editor-base\"\n\t\t\t\n\t\t>\n<div class=\"siteorigin-widget-tinymce textwidget\">\n\t<h4><img loading=\"lazy\" decoding=\"async\" class=\"alignnone  wp-image-4828\" src=\"https:\/\/llacademia.com\/wp-content\/uploads\/2023\/11\/LLA_LP_LogoKvadrat.jpg\" alt=\"\" width=\"80\" height=\"80\" srcset=\"https:\/\/llacademia.com\/wp-content\/uploads\/2023\/11\/LLA_LP_LogoKvadrat.jpg 276w, https:\/\/llacademia.com\/wp-content\/uploads\/2023\/11\/LLA_LP_LogoKvadrat-150x150.jpg 150w, https:\/\/llacademia.com\/wp-content\/uploads\/2023\/11\/LLA_LP_LogoKvadrat-100x100.jpg 100w\" sizes=\"auto, (max-width: 80px) 100vw, 80px\" \/>\u00a0 \u00a0Learning Point No.8<\/h4>\n<p><strong>Javni zavod Triglavski narodni park<\/strong><\/p>\n<p>Ljubljanska cesta 27<br \/>\n4260 BLED<\/p>\n<p>E-po\u0161ta: triglavski-narodni-park@tnp.gov.si<br \/>\nTel.: +386(0)4 \/ 578 02 00<br \/>\nFaks: +386(0)4 \/ 578 02 01<\/p>\n<\/div>\n<\/div><\/div><\/div><div id=\"pgc-4841-3-1\"  class=\"panel-grid-cell\" ><div id=\"panel-4841-3-1-0\" class=\"so-panel widget widget_sow-button panel-first-child\" data-index=\"4\" ><div\n\t\t\t\n\t\t\tclass=\"so-widget-sow-button so-widget-sow-button-flat-857739567c6a-4841\"\n\t\t\t\n\t\t><div class=\"ow-button-base ow-button-align-center\"\n>\n\t\t\t<a\n\t\t\t\t\thref=\"https:\/\/www.tnp.si\/en\/\"\n\t\t\t\t\tclass=\"sowb-button ow-icon-placement-left ow-button-hover\" target=\"_blank\" rel=\"noopener noreferrer\" \t>\n\t\t<span>\n\t\t\t<span class=\"sow-icon-fontawesome sow-far\" data-sow-icon=\"&#xf192;\"\n\t\tstyle=\"\" \n\t\taria-hidden=\"true\"><\/span>\n\t\t\tMore about TNP &gt;&gt;&gt;\t\t<\/span>\n\t\t\t<\/a>\n\t<\/div>\n<\/div><\/div><div id=\"panel-4841-3-1-1\" class=\"so-panel widget widget_sow-image panel-last-child\" data-index=\"5\" ><div\n\t\t\t\n\t\t\tclass=\"so-widget-sow-image so-widget-sow-image-default-8b5b6f678277-4841\"\n\t\t\t\n\t\t>\n<div class=\"sow-image-container\">\n\t\t<img \n\tsrc=\"https:\/\/llacademia.com\/wp-content\/uploads\/2023\/11\/Logo-TNP-300x300.jpg\" width=\"300\" height=\"300\" srcset=\"https:\/\/llacademia.com\/wp-content\/uploads\/2023\/11\/Logo-TNP-300x300.jpg 300w, https:\/\/llacademia.com\/wp-content\/uploads\/2023\/11\/Logo-TNP-150x150.jpg 150w, https:\/\/llacademia.com\/wp-content\/uploads\/2023\/11\/Logo-TNP-100x100.jpg 100w, https:\/\/llacademia.com\/wp-content\/uploads\/2023\/11\/Logo-TNP.jpg 400w\" sizes=\"(max-width: 300px) 100vw, 300px\" title=\"Logo TNP\" alt=\"\" \t\tclass=\"so-widget-image\"\/>\n\t<\/div>\n\n<\/div><\/div><\/div><\/div><\/div><\/div>","protected":false},"excerpt":{"rendered":"<p>Vizija Triglavskega narodnega parkaTriglavski narodni park je kot edinstveno zavarovano obmo\u010dje v alpskem svetu prednostno namenjeno ohranjanju ekosistemov in naravnih procesov, naravnih vrednot, pestrosti habitatnih tipov, \u017eivalskih in rastlinskih vrst ter kakovosti in pestrosti krajin.V naseljenih delih narodnega parka je poudarek na ohranjanju kulturne dedi\u0161\u010dine in kakovosti kulturne krajine, ki je rezultat dolgoletnega so\u017eitja doma\u010dinov &hellip;<\/p>\n","protected":false},"author":2,"featured_media":4835,"parent":4463,"menu_order":0,"comment_status":"closed","ping_status":"closed","template":"","meta":{"_acf_changed":false,"footnotes":""},"class_list":{"0":"post-4841","1":"page","2":"type-page","3":"status-publish","4":"has-post-thumbnail","6":"clearfix","7":"article"},"acf":[],"_links":{"self":[{"href":"https:\/\/llacademia.com\/index.php\/wp-json\/wp\/v2\/pages\/4841","targetHints":{"allow":["GET"]}}],"collection":[{"href":"https:\/\/llacademia.com\/index.php\/wp-json\/wp\/v2\/pages"}],"about":[{"href":"https:\/\/llacademia.com\/index.php\/wp-json\/wp\/v2\/types\/page"}],"author":[{"embeddable":true,"href":"https:\/\/llacademia.com\/index.php\/wp-json\/wp\/v2\/users\/2"}],"replies":[{"embeddable":true,"href":"https:\/\/llacademia.com\/index.php\/wp-json\/wp\/v2\/comments?post=4841"}],"version-history":[{"count":0,"href":"https:\/\/llacademia.com\/index.php\/wp-json\/wp\/v2\/pages\/4841\/revisions"}],"up":[{"embeddable":true,"href":"https:\/\/llacademia.com\/index.php\/wp-json\/wp\/v2\/pages\/4463"}],"wp:featuredmedia":[{"embeddable":true,"href":"https:\/\/llacademia.com\/index.php\/wp-json\/wp\/v2\/media\/4835"}],"wp:attachment":[{"href":"https:\/\/llacademia.com\/index.php\/wp-json\/wp\/v2\/media?parent=4841"}],"curies":[{"name":"wp","href":"https:\/\/api.w.org\/{rel}","templated":true}]}}