{"id":4798,"date":"2023-11-24T22:25:25","date_gmt":"2023-11-24T21:25:25","guid":{"rendered":"https:\/\/llacademia.com\/?page_id=4798"},"modified":"2023-11-24T23:22:19","modified_gmt":"2023-11-24T22:22:19","slug":"open-university-umag-ante-babic","status":"publish","type":"page","link":"https:\/\/llacademia.com\/index.php\/learning-point\/learning-point-map\/open-university-umag-ante-babic\/","title":{"rendered":"Open University Umag &#8220;Ante Babi\u0107&#8221;"},"content":{"rendered":"<div id=\"pl-4798\"  class=\"panel-layout\" ><div id=\"pg-4798-0\"  class=\"panel-grid panel-no-style\" ><div id=\"pgc-4798-0-0\"  class=\"panel-grid-cell\" ><div id=\"panel-4798-0-0-0\" class=\"so-panel widget widget_sow-editor panel-first-child panel-last-child\" data-index=\"0\" ><div\n\t\t\t\n\t\t\tclass=\"so-widget-sow-editor so-widget-sow-editor-base\"\n\t\t\t\n\t\t>\n<div class=\"siteorigin-widget-tinymce textwidget\">\n\t<p>Open University Umag \"Ante Babi\u0107\" is a public institution located in Umag (Croatia), founded by the City of Umag. The institution has over 65 years of experience in adult education.<\/p>\n<p>Open University Umag \"Ante Babi\u0107\" provides formal educational programmes like elementary school, vocational school programmes, specialized courses and trainings, language courses as well as informal programmes. The University of the Third Age is part of the institution since 2003 providing a great variety of informal programmes for senior citizens.<\/p>\n<p>Our target groups are adult learners over the age of 14. With the offer of our programs, we respond to the very different needs of individual target groups. We adapt the programmes to their needs, and based on them we determine the goals, contents and choose methods and forms of teaching.<br \/>The institution has experience in international cooperation and partnerships and has participated into 5 projects funded by the European Social Fund. It has realized 2 Erasmus+ KA1 projects and 1 KA2 Erasmus+ project - Strategic Partnership for Innovations, particularly focused to the development of digital skills and innovative teaching methods.<\/p>\n<blockquote>\n<p>Since 2023 the institution is an ERASMUS-accredited institution in adult education.<\/p>\n<\/blockquote>\n<\/div>\n<\/div><\/div><\/div><\/div><div id=\"pg-4798-1\"  class=\"panel-grid panel-no-style\" ><div id=\"pgc-4798-1-0\"  class=\"panel-grid-cell\" ><div id=\"panel-4798-1-0-0\" class=\"so-panel widget widget_sow-simple-masonry panel-first-child panel-last-child\" data-index=\"1\" ><div\n\t\t\t\n\t\t\tclass=\"so-widget-sow-simple-masonry so-widget-sow-simple-masonry-default-d75171398898-4798\"\n\t\t\t\n\t\t>\n\n<div class=\"sow-masonry-grid\"\n\tdata-layouts=\"{&quot;desktop&quot;:{&quot;numColumns&quot;:4,&quot;rowHeight&quot;:0,&quot;gutter&quot;:0},&quot;tablet&quot;:{&quot;breakPoint&quot;:768,&quot;numColumns&quot;:2,&quot;rowHeight&quot;:0,&quot;gutter&quot;:0},&quot;mobile&quot;:{&quot;breakPoint&quot;:480,&quot;numColumns&quot;:1,&quot;rowHeight&quot;:0,&quot;gutter&quot;:0}}\" data-layout-origin-left=\"true\" >\n\t\t\t\t<div class=\"sow-masonry-grid-item\" data-col-span=\"1\"\n\t\t\t\tdata-row-span=\"1\">\n\t\t\t\t\n\t\t\t\t\n\t\t\t\t<img loading=\"lazy\" decoding=\"async\" width=\"870\" height=\"523\" src=\"https:\/\/llacademia.com\/wp-content\/uploads\/2023\/11\/Life-Learning-Academia-Learning-Point-UMAG-6.jpg\" class=\"sow-masonry-grid-image\" alt=\"\" title=\"Life Learning Academia Learning Point UMAG 6\" srcset=\"https:\/\/llacademia.com\/wp-content\/uploads\/2023\/11\/Life-Learning-Academia-Learning-Point-UMAG-6.jpg 870w, https:\/\/llacademia.com\/wp-content\/uploads\/2023\/11\/Life-Learning-Academia-Learning-Point-UMAG-6-300x180.jpg 300w, https:\/\/llacademia.com\/wp-content\/uploads\/2023\/11\/Life-Learning-Academia-Learning-Point-UMAG-6-768x462.jpg 768w\" sizes=\"auto, (max-width: 870px) 100vw, 870px\" \/>\n\t\t\t\t\n\t\t\t\t\t\t\t<\/div>\n\t\t\t\t\t\t<div class=\"sow-masonry-grid-item\" data-col-span=\"1\"\n\t\t\t\tdata-row-span=\"1\">\n\t\t\t\t\n\t\t\t\t\n\t\t\t\t<img loading=\"lazy\" decoding=\"async\" width=\"648\" height=\"486\" src=\"https:\/\/llacademia.com\/wp-content\/uploads\/2023\/11\/Life-Learning-Academia-Learning-Point-UMAG-1.jpg\" class=\"sow-masonry-grid-image\" alt=\"\" title=\"Life Learning Academia Learning Point UMAG 1\" srcset=\"https:\/\/llacademia.com\/wp-content\/uploads\/2023\/11\/Life-Learning-Academia-Learning-Point-UMAG-1.jpg 648w, https:\/\/llacademia.com\/wp-content\/uploads\/2023\/11\/Life-Learning-Academia-Learning-Point-UMAG-1-300x225.jpg 300w\" sizes=\"auto, (max-width: 648px) 100vw, 648px\" \/>\n\t\t\t\t\n\t\t\t\t\t\t\t<\/div>\n\t\t\t\t\t\t<div class=\"sow-masonry-grid-item\" data-col-span=\"1\"\n\t\t\t\tdata-row-span=\"1\">\n\t\t\t\t\n\t\t\t\t\n\t\t\t\t<img loading=\"lazy\" decoding=\"async\" width=\"649\" height=\"365\" src=\"https:\/\/llacademia.com\/wp-content\/uploads\/2023\/11\/Life-Learning-Academia-Learning-Point-UMAG-2.jpg\" class=\"sow-masonry-grid-image\" alt=\"\" title=\"Life Learning Academia Learning Point UMAG 2\" srcset=\"https:\/\/llacademia.com\/wp-content\/uploads\/2023\/11\/Life-Learning-Academia-Learning-Point-UMAG-2.jpg 649w, https:\/\/llacademia.com\/wp-content\/uploads\/2023\/11\/Life-Learning-Academia-Learning-Point-UMAG-2-300x169.jpg 300w, https:\/\/llacademia.com\/wp-content\/uploads\/2023\/11\/Life-Learning-Academia-Learning-Point-UMAG-2-245x139.jpg 245w\" sizes=\"auto, (max-width: 649px) 100vw, 649px\" \/>\n\t\t\t\t\n\t\t\t\t\t\t\t<\/div>\n\t\t\t\t\t\t<div class=\"sow-masonry-grid-item\" data-col-span=\"1\"\n\t\t\t\tdata-row-span=\"1\">\n\t\t\t\t\n\t\t\t\t\n\t\t\t\t<img loading=\"lazy\" decoding=\"async\" width=\"480\" height=\"320\" src=\"https:\/\/llacademia.com\/wp-content\/uploads\/2023\/11\/Life-Learning-Academia-Learning-Point-UMAG-5.jpeg\" class=\"sow-masonry-grid-image\" alt=\"\" title=\"Life Learning Academia Learning Point UMAG 5\" srcset=\"https:\/\/llacademia.com\/wp-content\/uploads\/2023\/11\/Life-Learning-Academia-Learning-Point-UMAG-5.jpeg 480w, https:\/\/llacademia.com\/wp-content\/uploads\/2023\/11\/Life-Learning-Academia-Learning-Point-UMAG-5-300x200.jpeg 300w, https:\/\/llacademia.com\/wp-content\/uploads\/2023\/11\/Life-Learning-Academia-Learning-Point-UMAG-5-120x80.jpeg 120w, https:\/\/llacademia.com\/wp-content\/uploads\/2023\/11\/Life-Learning-Academia-Learning-Point-UMAG-5-245x163.jpeg 245w, https:\/\/llacademia.com\/wp-content\/uploads\/2023\/11\/Life-Learning-Academia-Learning-Point-UMAG-5-272x182.jpeg 272w\" sizes=\"auto, (max-width: 480px) 100vw, 480px\" \/>\n\t\t\t\t\n\t\t\t\t\t\t\t<\/div>\n\t\t\t\n<\/div>\n<\/div><\/div><\/div><\/div><div id=\"pg-4798-2\"  class=\"panel-grid panel-no-style\" ><div id=\"pgc-4798-2-0\"  class=\"panel-grid-cell\" ><div id=\"panel-4798-2-0-0\" class=\"so-panel widget widget_sow-editor panel-first-child panel-last-child\" data-index=\"2\" ><div\n\t\t\t\n\t\t\tclass=\"so-widget-sow-editor so-widget-sow-editor-base\"\n\t\t\t\n\t\t>\n<div class=\"siteorigin-widget-tinymce textwidget\">\n\t<h4><img loading=\"lazy\" decoding=\"async\" class=\"alignnone wp-image-3665\" src=\"https:\/\/llacademia.com\/wp-content\/uploads\/2021\/04\/LLA_Logo_LP-300x300.png\" alt=\"\" width=\"85\" height=\"85\" srcset=\"https:\/\/llacademia.com\/wp-content\/uploads\/2021\/04\/LLA_Logo_LP-300x300.png 300w, https:\/\/llacademia.com\/wp-content\/uploads\/2021\/04\/LLA_Logo_LP-150x150.png 150w, https:\/\/llacademia.com\/wp-content\/uploads\/2021\/04\/LLA_Logo_LP.png 414w\" sizes=\"auto, (max-width: 85px) 100vw, 85px\" \/>\u00a0 \u00a0Learning Point No.6<\/h4>\n<p><strong>Pu\u010dko otvoreno u\u010dili\u0161te - Universita' popolare aperta \u201cAnte Babi\u0107\u201d<\/strong><\/p>\n<p><strong>\"ANTE BABI\u0106\" PUBLIC OPEN SCHOOL<\/strong><\/p>\n<p>Trgova\u010dka 6, 52470 Umag - Umago<\/p>\n<\/div>\n<\/div><\/div><\/div><div id=\"pgc-4798-2-1\"  class=\"panel-grid-cell\" ><div id=\"panel-4798-2-1-0\" class=\"so-panel widget widget_sow-image panel-first-child panel-last-child\" data-index=\"3\" ><div\n\t\t\t\n\t\t\tclass=\"so-widget-sow-image so-widget-sow-image-default-8b5b6f678277-4798\"\n\t\t\t\n\t\t>\n<div class=\"sow-image-container\">\n\t\t<img \n\tsrc=\"https:\/\/llacademia.com\/wp-content\/uploads\/2023\/11\/POU_logo.jpg\" width=\"1809\" height=\"1513\" srcset=\"https:\/\/llacademia.com\/wp-content\/uploads\/2023\/11\/POU_logo.jpg 1809w, https:\/\/llacademia.com\/wp-content\/uploads\/2023\/11\/POU_logo-300x251.jpg 300w, https:\/\/llacademia.com\/wp-content\/uploads\/2023\/11\/POU_logo-1024x856.jpg 1024w, https:\/\/llacademia.com\/wp-content\/uploads\/2023\/11\/POU_logo-768x642.jpg 768w, https:\/\/llacademia.com\/wp-content\/uploads\/2023\/11\/POU_logo-1536x1285.jpg 1536w\" sizes=\"(max-width: 1809px) 100vw, 1809px\" alt=\"\" \t\tclass=\"so-widget-image\"\/>\n\t<\/div>\n\n<\/div><\/div><\/div><\/div><div id=\"pg-4798-3\"  class=\"panel-grid panel-no-style\" ><div id=\"pgc-4798-3-0\"  class=\"panel-grid-cell\" ><div id=\"panel-4798-3-0-0\" class=\"so-panel widget widget_sow-accordion panel-first-child panel-last-child\" data-index=\"4\" ><div\n\t\t\t\n\t\t\tclass=\"so-widget-sow-accordion so-widget-sow-accordion-default-2b55ed2807e6-4798\"\n\t\t\t\n\t\t><div>\n\t<div class=\"sow-accordion\">\n\t\t\t<div class=\"sow-accordion-panel\n\t\t\t\t\"\n\t\t\tdata-anchor-id=\"o-ucilistu\">\n\t\t\t\t<div class=\"sow-accordion-panel-header-container\" role=\"heading\" aria-level=\"2\">\n\t\t\t\t\t<div class=\"sow-accordion-panel-header\" tabindex=\"0\" role=\"button\" id=\"accordion-label-o-u%c4%8dili%c5%a1tu\" aria-controls=\"accordion-content-o-u%c4%8dili%c5%a1tu\" aria-expanded=\"false\">\n\t\t\t\t\t\t<div class=\"sow-accordion-title sow-accordion-title-icon-left\">\n\t\t\t\t\t\t\t\t\t\t\t\t\t\tO U\u010cILI\u0160TU\t\t\t\t\t\t\t\t\t\t\t\t\t<\/div>\n\t\t\t\t\t\t<div class=\"sow-accordion-open-close-button\">\n\t\t\t\t\t\t\t<div class=\"sow-accordion-open-button\">\n\t\t\t\t\t\t\t\t<span class=\"sow-icon-ionicons\" data-sow-icon=\"&#xf218;\"\n\t\t \n\t\taria-hidden=\"true\"><\/span>\t\t\t\t\t\t\t<\/div>\n\t\t\t\t\t\t\t<div class=\"sow-accordion-close-button\">\n\t\t\t\t\t\t\t\t<span class=\"sow-icon-ionicons\" data-sow-icon=\"&#xf209;\"\n\t\t \n\t\taria-hidden=\"true\"><\/span>\t\t\t\t\t\t\t<\/div>\n\t\t\t\t\t\t<\/div>\n\t\t\t\t\t<\/div>\n\t\t\t\t<\/div>\n\n\t\t\t<div\n\t\t\t\tclass=\"sow-accordion-panel-content\"\n\t\t\t\trole=\"region\"\n\t\t\t\taria-labelledby=\"accordion-label-o-u%c4%8dili%c5%a1tu\"\n\t\t\t\tid=\"accordion-content-o-u%c4%8dili%c5%a1tu\"\n\t\t\t\tstyle=\"display: none;\"\t\t\t>\n\t\t\t\t<div class=\"sow-accordion-panel-border\">\n\t\t\t\t\t<h4>O U\u010cILI\u0160TU<\/h4>\n<p>Pu\u010dko otvoreno u\u010dili\u0161te \u201eAnte Babi\u0107\u201c Umag osnovano je 1956. godine pod imenom Narodno sveu\u010dili\u0161te \u201eAnte Babi\u0107\u201c. U okviru U\u010dili\u0161ta odvijala se djelatnost obrazovanja odraslih, osnovnog glazbenog obrazovanja, djelatnost knji\u017enice, glazbeno-scenska, galerijsko-izlo\u017ebena i kino prikaziva\u010dka djelatnost te organizacija zna\u010dajnih manifestacija i priredbi na podru\u010dju\u00a0<a href=\"https:\/\/umag.hr\/\" target=\"_blank\" rel=\"noopener\">Grada Umaga<\/a>.\u00a0 Promjena zakonske regulative i sna\u017eni razvoj svih navedenih djelatnosti tijekom posljednja dva desetlje\u0107a donijeli su \u010ditav niz strukturno-organizacijskih promjena te se od 01. 01. 2018. godine U\u010dili\u0161te Umag bavi isklju\u010divo djelatno\u0161\u0107u obrazovanja odraslih i cjelo\u017eivotnim u\u010denjem.<\/p>\n<p><img decoding=\"async\" src=\"http:\/\/uciliste-umag.hr\/public\/uploads\/documents\/fotografija-zgrada_U%C4%8Dili%C5%A1ta_-_novo.png\" alt=\"\" \/><\/p>\n<p>U\u010dili\u0161te Umag odraslim polaznicima danas pru\u017ea izuzetno velike mogu\u0107nosti: zavr\u0161etak osnovne \u0161kole, stjecanje kvalifikacije ili prekvalifikacije na srednjo\u0161kolskim programima, u\u010denje za \"drugu karijeru\" kroz mnogobrojne programe osposobljavanja za uslu\u017ene, informati\u010dke, turisti\u010dko-hotelijerske i poljoprivredne poslove. Poti\u010de osobni razvoj kroz stjecanje jezi\u010dnih kompetencija na verificiranim i specijaliziranim te\u010dajevima stranih jezika te putem javnih predavanja i drugih oblika edukacije, nastoji zadovoljiti potrebe za obrazovanjem lokalnog stanovni\u0161tva.<\/p>\n<p>Od 2003. godine u okviru tada\u0161njeg Odjela obrazovanja, razvija se projekt U\u010dili\u0161ta za tre\u0107u \u017eivotnu dob, koje stavlja u ravnopravni polo\u017eaj sve generacije grada Umaga, osiguravaju\u0107i pravo na u\u010denje, socijalnu uklju\u010denost i podizanje kvalitete \u017eivota osobama tre\u0107e \u017eivotne dobi. Uz kontinuiranu financijsku potporu Grada Umaga i Istarske \u017eupanije svi programi U\u010dili\u0161ta za tre\u0107u dob su ili potpuno besplatni ili uklju\u010duju simboli\u010dnu participaciju polaznika.<\/p>\n<p>Od 2011. godine U\u010dili\u0161te Umag korisnik je sredstava Europskog socijalnog fonda te osigurava besplatne \u00a0edukacije gra\u0111ana, sklapa partnerstva s drugim u\u010dili\u0161tima, gospodarskim sektorom, poslodavcima i institucijama iz lokalne zajednice i izvan nje. Zahvaljuju\u0107i sudjelovanju u Erasmus + projektima ja\u010da vlastite kapacitete i pru\u017ea stru\u010dnu podr\u0161ku nastavnicima \u2013 vanjskim suradnicima koji sudjeluju u\u00a0realizaciji obrazovnih programa.<\/p>\n<p>U\u010dili\u0161te Umag je \u010dlan\u00a0<a href=\"http:\/\/www.zuoorh.hr\/\" target=\"_blank\" rel=\"noopener\">Zajednice ustanova za obrazovanje odraslih Republike Hrvatske<\/a>, od samog osnutka ove strukovne udruge, te je \u010dlan\u00a0<a href=\"https:\/\/zrpoo.hr\/\">Zajednice za razvoj ljudskih potencijala i obrazovanja odraslih HGK<\/a>.<\/p>\n<p>U\u010dionice U\u010dili\u0161ta su opremljene suvremenom didakti\u010dkom opremom, praktikumima za izvo\u0111enje programa osposobljavanja, dvorane su klimatizirane, a zgrada raspola\u017ee liftom \u0161to obrazovne programe \u010dini dostupnim osobama s posebnim tjelesnim potrebama i starijim osobama.\u00a0Lokacija zgrade je izuzetno povoljna, U\u010dili\u0161te se nalazi na novoure\u0111enom Trgu 1. svibnja, \u0161to impozantnu gra\u0111evinu jo\u0161 vi\u0161e izdvaja te daje zna\u010daj u\u010denju i pou\u010davanju.<\/p>\n<p><img decoding=\"async\" class=\"alignleft\" src=\"http:\/\/uciliste-umag.hr\/public\/uploads\/documents\/Ante_Babic_naslovnica_web.png\" alt=\"\" \/><\/p>\n<p>Ante Babi\u0107\u00a0(1916. \u2013 1944.)<\/p>\n<p>Vi\u0161e o Anti Babi\u0107 \u010dije ime ponosno nosi U\u010dili\u0161te Umag mo\u017eete pro\u010ditati na<a href=\"https:\/\/www.istrapedia.hr\/hr\/natuknice\/4167\/babic-ante\" target=\"_blank\" rel=\"noopener\">\u00a0Istrapediji<\/a>.<\/p>\n<p>Pu\u010dko otvoreno u\u010dili\u0161te \u201eAnte Babi\u0107\u201c Umag\u00a0 kontinuirano prati potrebe lokalne sredine te svoju obrazovnu ponudu nastoji prilagoditi i uskladiti s tr\u017ei\u0161tem rada \u010dime je postalo jedan od temeljnih stupova dru\u0161tvenog razvoja Grada Umaga.<\/p>\n<p>Budu\u0107nost poslovanja i razvoj ustanove U\u010dili\u0161te vidi u novim programima,\u00a0suradnji s gospodarstvom, fondovima EU i dostupnosti obrazovnih usluga svim dru\u0161tvenim skupinama te u primjeni novih metoda u\u010denja i pou\u010davanja sa kojima je zapo\u010delo u zadnjem desetlje\u0107u, a zahvaljuju\u0107i kojima ve\u0107 danas uspje\u0161no djeluje i izvan okvira lokalne zajednice.<\/p>\n\t\t\t\t<\/div>\n\t\t\t<\/div>\n\t\t<\/div>\n\t\t\t<div class=\"sow-accordion-panel\n\t\t\t\t\"\n\t\t\tdata-anchor-id=\"about-the-school\">\n\t\t\t\t<div class=\"sow-accordion-panel-header-container\" role=\"heading\" aria-level=\"2\">\n\t\t\t\t\t<div class=\"sow-accordion-panel-header\" tabindex=\"0\" role=\"button\" id=\"accordion-label-about-the-school\" aria-controls=\"accordion-content-about-the-school\" aria-expanded=\"false\">\n\t\t\t\t\t\t<div class=\"sow-accordion-title sow-accordion-title-icon-left\">\n\t\t\t\t\t\t\t\t\t\t\t\t\t\tABOUT THE SCHOOL\t\t\t\t\t\t\t\t\t\t\t\t\t<\/div>\n\t\t\t\t\t\t<div class=\"sow-accordion-open-close-button\">\n\t\t\t\t\t\t\t<div class=\"sow-accordion-open-button\">\n\t\t\t\t\t\t\t\t<span class=\"sow-icon-ionicons\" data-sow-icon=\"&#xf218;\"\n\t\t \n\t\taria-hidden=\"true\"><\/span>\t\t\t\t\t\t\t<\/div>\n\t\t\t\t\t\t\t<div class=\"sow-accordion-close-button\">\n\t\t\t\t\t\t\t\t<span class=\"sow-icon-ionicons\" data-sow-icon=\"&#xf209;\"\n\t\t \n\t\taria-hidden=\"true\"><\/span>\t\t\t\t\t\t\t<\/div>\n\t\t\t\t\t\t<\/div>\n\t\t\t\t\t<\/div>\n\t\t\t\t<\/div>\n\n\t\t\t<div\n\t\t\t\tclass=\"sow-accordion-panel-content\"\n\t\t\t\trole=\"region\"\n\t\t\t\taria-labelledby=\"accordion-label-about-the-school\"\n\t\t\t\tid=\"accordion-content-about-the-school\"\n\t\t\t\tstyle=\"display: none;\"\t\t\t>\n\t\t\t\t<div class=\"sow-accordion-panel-border\">\n\t\t\t\t\t<p>ABOUT THE SCHOOL<\/p>\n<p>\"Ante Babi\u0107\" Public Open University Umag was founded in 1956 under the name \"Ante Babi\u0107\" National University. Adult education, basic music education, library activities, music-stage, gallery-exhibition and cinema screening activities, as well as the organization of important events and performances in the area of the City of Umag took place within the framework of the College. The change in legal regulations and the strong development of all the aforementioned activities during the last two decades have brought about a whole series of structural and organizational changes, and since January 1, 2018, the Umag School has been exclusively engaged in adult education and lifelong learning.<\/p>\n<p>&nbsp;<\/p>\n<p>Today, the Umag University offers adult students extremely great opportunities: finishing elementary school, obtaining a qualification or requalification in high school programs, studying for a \"second career\" through numerous training programs for service, IT, tourism-hotel and agricultural jobs. It encourages personal development through the acquisition of language competences at verified and specialized foreign language courses and through public lectures and other forms of education, and strives to meet the educational needs of the local population.<\/p>\n<p>Since 2003, within the framework of the Department of Education at that time, the project of the College for the Third Age has been developed, which puts all generations of the city of Umag on an equal footing, ensuring the right to study, social inclusion and raising the quality of life for people of the third age. With the continuous financial support of the City of Umag and the County of Istria, all programs of the School for the Third Age are either completely free or include a symbolic participation of the participants.<\/p>\n<p>Since 2011, the University of Umag has been a beneficiary of funds from the European Social Fund and provides free education for citizens, enters into partnerships with other schools, the economic sector, employers and institutions from the local community and beyond. Thanks to participation in Erasmus + projects, it strengthens its own capacities and provides professional support to teachers - external collaborators who participate in the implementation of educational programs.<\/p>\n<p>The Umag School has been a member of the Association of Institutions for Adult Education of the Republic of Croatia, since the very foundation of this professional association, and is a member of the Association for the Development of Human Resources and Adult Education of HGK.<\/p>\n<p>The classrooms of the College are equipped with modern didactic equipment, workshops for carrying out training programs, the halls are air-conditioned, and the building has an elevator, which makes educational programs accessible to people with special physical needs and the elderly. The location of the building is extremely favorable, the University is located on the newly renovated 1st of May Square, which makes the imposing building stand out even more and gives importance to learning and teaching.<\/p>\n<p>&nbsp;<\/p>\n<p>Ante Babi\u0107 (1916 \u2013 1944)<\/p>\n<p>You can read more about Anta Babi\u0107, whose name Umag University proudly bears, on Istrapedia.<\/p>\n<p>Public Open University \"Ante Babi\u0107\" Umag continuously monitors the needs of the local environment and tries to adapt and harmonize its educational offer with the labor market, which has become one of the fundamental pillars of the social development of the City of Umag.<\/p>\n<p>The future of the business and the development of the institution is seen by the University in new programs, cooperation with the economy, EU funds and the availability of educational services to all social groups, as well as in the application of new learning and teaching methods with which it began in the last decade, and thanks to which it already operates successfully outside the framework local communities.<\/p>\n\t\t\t\t<\/div>\n\t\t\t<\/div>\n\t\t<\/div>\n\t\t<\/div>\n<\/div>\n<\/div><\/div><\/div><\/div><\/div>","protected":false},"excerpt":{"rendered":"<p>Open University Umag &#8220;Ante Babi\u0107&#8221; is a public institution located in Umag (Croatia), founded by the City of Umag. The institution has over 65 years of experience in adult education.Open University Umag &#8220;Ante Babi\u0107&#8221; provides formal educational programmes like elementary school, vocational school programmes, specialized courses and trainings, language courses as well as informal programmes. &hellip;<\/p>\n","protected":false},"author":2,"featured_media":4799,"parent":4463,"menu_order":0,"comment_status":"closed","ping_status":"closed","template":"","meta":{"_acf_changed":false,"footnotes":""},"class_list":{"0":"post-4798","1":"page","2":"type-page","3":"status-publish","4":"has-post-thumbnail","6":"clearfix","7":"article"},"acf":[],"_links":{"self":[{"href":"https:\/\/llacademia.com\/index.php\/wp-json\/wp\/v2\/pages\/4798","targetHints":{"allow":["GET"]}}],"collection":[{"href":"https:\/\/llacademia.com\/index.php\/wp-json\/wp\/v2\/pages"}],"about":[{"href":"https:\/\/llacademia.com\/index.php\/wp-json\/wp\/v2\/types\/page"}],"author":[{"embeddable":true,"href":"https:\/\/llacademia.com\/index.php\/wp-json\/wp\/v2\/users\/2"}],"replies":[{"embeddable":true,"href":"https:\/\/llacademia.com\/index.php\/wp-json\/wp\/v2\/comments?post=4798"}],"version-history":[{"count":0,"href":"https:\/\/llacademia.com\/index.php\/wp-json\/wp\/v2\/pages\/4798\/revisions"}],"up":[{"embeddable":true,"href":"https:\/\/llacademia.com\/index.php\/wp-json\/wp\/v2\/pages\/4463"}],"wp:featuredmedia":[{"embeddable":true,"href":"https:\/\/llacademia.com\/index.php\/wp-json\/wp\/v2\/media\/4799"}],"wp:attachment":[{"href":"https:\/\/llacademia.com\/index.php\/wp-json\/wp\/v2\/media?parent=4798"}],"curies":[{"name":"wp","href":"https:\/\/api.w.org\/{rel}","templated":true}]}}