{"id":4313,"date":"2023-02-21T23:54:54","date_gmt":"2023-02-21T22:54:54","guid":{"rendered":"https:\/\/llacademia.com\/?page_id=4313"},"modified":"2023-02-21T23:54:54","modified_gmt":"2023-02-21T22:54:54","slug":"personal-data-protection-act","status":"publish","type":"page","link":"https:\/\/llacademia.com\/index.php\/personal-data-protection-act\/","title":{"rendered":"Personal data protection act"},"content":{"rendered":"<div id=\"pl-4313\"  class=\"panel-layout\" ><div id=\"pg-4313-0\"  class=\"panel-grid panel-no-style\" ><div id=\"pgc-4313-0-0\"  class=\"panel-grid-cell\" ><div id=\"panel-4313-0-0-0\" class=\"so-panel widget widget_sow-editor panel-first-child panel-last-child\" data-index=\"0\" ><div\n\t\t\t\n\t\t\tclass=\"so-widget-sow-editor so-widget-sow-editor-base\"\n\t\t\t\n\t\t>\n<div class=\"siteorigin-widget-tinymce textwidget\">\n\t<h1><strong>PRAVILNIK\/AKT O VAROVANJU OSEBNIH PODATKOV<\/strong><\/h1>\n<p>&nbsp;<\/p>\n<p><strong>\u00a0<\/strong><\/p>\n<p>Life Learning Academia zagotavlja vsem sodelujo\u010dim, da ima sprejet akt o varovanju osebnih podatkov, ki zagotavlja, da so vsi pridobljeni podatki namenjeni zgolj v profesionalni in delovni namen sodelovanja.<\/p>\n<p><strong>\u00a0<\/strong><\/p>\n<p>Opis uporabnine: V skladu s 25. \u010dlenom v povezavi s 4. in 5. odstavkom 7. \u010dlena <a href=\"http:\/\/zakonodaja.gov.si\/rpsi\/r06\/predpis_ZAKO3906.html\">Zakona o varstvu osebnih podatkov (ZVOP)<\/a> <strong>morajo <\/strong>vsi upravljavci osebnih podatkov v zasebnem sektorju z najmanj 50 zaposlenimi, vsi upravljavci osebnih podatkov iz javnega sektorja, notarji, odvetniki, detektivi, izvr\u0161itelji, izvajalci zasebnega varovanja, zasebni zdravstveni delavci, izvajalci zdravstvenih storitev ter vsi upravljavci osebnih podatkov iz zasebnega in javnega sektorja, ki vodijo zbirke, v katerih se nahajajo ob\u010dutljivi osebni podatki, ne glede na \u0161tevilo zaposlenih, v svojih aktih urediti zavarovanje osebnih podatkov, ki jih zbirajo in obdelujejo.<\/p>\n<p>Akt mora obsegati organizacijske, tehni\u010dne in logi\u010dno-tehni\u010dne <strong>postopke in ukrepe<\/strong>, s katerimi se varujejo osebni podatki, prepre\u010duje slu\u010dajno ali namerno nepoobla\u0161\u010deno uni\u010devanje podatkov, njihova sprememba ali izguba ter nepoobla\u0161\u010dena obdelava.<\/p>\n<p>&nbsp;<\/p>\n<p>Akt o zavarovanju osebnih podatkov bi vsi upravljalci osebnih podatkov morali imeti \u017ee od leta 1999, saj ga je zahteval \u017ee takratni zakon, vendar se zaradi pomanjkanja in\u0161pektorjev za varstvo osebnih podatkov obstoj tega akta ni preverjal, zato ga mnogo upravljalcev osebnih podatkov vse do danes \u0161e vedno nima.<\/p>\n<p>Z zadnjo spremembo ZVOP so nekateri upravljavci osebnih podatkov sicer opro\u0161\u010deni sprejetja akta o zavarovanju osebnih podatkov, vendar omenjena oprostitev v ni\u010demer ne zmanj\u0161uje obveznosti vseh upravljavcev osebnih podatkov, da osebne podatke, ki jih obdelujejo, v praksi zavarujejo v skladu s 24. \u010dlenom ZVOP. Vsak upravljavec mora torej \u0161e vedno zagotavljati vse postopke in ukrepe, s katerimi se varujejo osebni podatki, prepre\u010duje slu\u010dajno ali namerno nepoobla\u0161\u010deno obdelavo podatkov, njihova sprememba ali izguba ter nepoobla\u0161\u010dena obdelava teh podatkov. Ukinjena je le obveznost ureditve takega zavarovanja v posebnem notranjem aktu upravljavca. Kljub temu upravlavcem osebnih podatkov priporo\u010damo ureditev tekih postopkov in ukrepov v njihovem notranjem aktu, saj tako urejanje tudi po mnenju Informacijskega poobla\u0161\u010denca olaj\u0161uje vzpostavtev in pove\u010duje u\u010dinkovitost zavarovanja osebnih podatkov.<\/p>\n<p>Ve\u010d informacij najdete na na <a href=\"http:\/\/www.ip-rs.si\/index.php?id=449\">spletni strani Informacijskega poobla\u0161\u010denca.<\/a><\/p>\n<p>&nbsp;<\/p>\n<p>&nbsp;<\/p>\n<h1>OPOZORILO:<\/h1>\n<p>\u010ce obdelujete osebne podatke in <strong>ne zagotovite njihovega zavarovanja<\/strong>, vam Informacijski poobla\u0161\u010denec <strong>lahko z odlo\u010dbo prepove obdelavo <\/strong>osebnih podatkov, poleg tega pa vas <strong>lahko kaznuje z globo od 4.170,00 EUR do 12.510,00 EUR<\/strong>. Za tak\u0161en prekr\u0161ek se lahko kaznuje tudi odgovorna oseba pravne osebe ali samostojnega podjetnika, in sicer v vi\u0161ini od 830,00 EUR do 1.250,00 EUR.<\/p>\n<p>&nbsp;<\/p>\n<p>Life Learning Academia<\/p>\n<\/div>\n<\/div><\/div><\/div><\/div><div id=\"pg-4313-1\"  class=\"panel-grid panel-no-style\" ><div id=\"pgc-4313-1-0\"  class=\"panel-grid-cell\" ><div id=\"panel-4313-1-0-0\" class=\"so-panel widget widget_pw_brochure_box widget-brochure-box panel-first-child panel-last-child\" data-index=\"1\" ><h3 class=\"widget-title\"><span class=\"widget-title__inline\">PRAVILNIK\/AKT O VAROVANJU OSEBNIH PODATKOV WORD<\/span><\/h3>\n\t<a class=\"brochure-box\" href=\"https:\/\/llacademia.com\/wp-content\/uploads\/2023\/02\/Prvilnik_akt-o-varov.-oseb.-podat..doc\" target=\"_blank\">\n\t\t<span class=\"brochure-box__icon\"><i class=\"fa  fa-file-word-o\"><\/i><\/span>\n\t\t<span class=\"brochure-box__text\">Akt Word<\/span>\n\t<\/a>\n\n<\/div><\/div><div id=\"pgc-4313-1-1\"  class=\"panel-grid-cell\" ><div id=\"panel-4313-1-1-0\" class=\"so-panel widget widget_pw_brochure_box widget-brochure-box panel-first-child panel-last-child\" data-index=\"2\" ><h3 class=\"widget-title\"><span class=\"widget-title__inline\">PRAVILNIK\/AKT O VAROVANJU OSEBNIH PODATKOV PDF<\/span><\/h3>\n\t<a class=\"brochure-box\" href=\"https:\/\/llacademia.com\/wp-content\/uploads\/2023\/02\/Prvilnik_akt-o-varov.-oseb.-podat..pdf\" target=\"_blank\">\n\t\t<span class=\"brochure-box__icon\"><i class=\"fa  fa-file-pdf-o\"><\/i><\/span>\n\t\t<span class=\"brochure-box__text\">Akt PDF<\/span>\n\t<\/a>\n\n<\/div><\/div><\/div><\/div>","protected":false},"excerpt":{"rendered":"<p>PRAVILNIK\/AKT O VAROVANJU OSEBNIH PODATKOV &nbsp; \u00a0 Life Learning Academia zagotavlja vsem sodelujo\u010dim, da ima sprejet akt o varovanju osebnih podatkov, ki zagotavlja, da so vsi pridobljeni podatki namenjeni zgolj v profesionalni in delovni namen sodelovanja. \u00a0 Opis uporabnine: V skladu s 25. \u010dlenom v povezavi s 4. in 5. odstavkom 7. \u010dlena Zakona o &hellip;<\/p>\n","protected":false},"author":2,"featured_media":0,"parent":0,"menu_order":0,"comment_status":"closed","ping_status":"closed","template":"","meta":{"_acf_changed":false,"footnotes":""},"class_list":{"0":"post-4313","1":"page","2":"type-page","3":"status-publish","5":"clearfix","6":"article"},"acf":[],"_links":{"self":[{"href":"https:\/\/llacademia.com\/index.php\/wp-json\/wp\/v2\/pages\/4313","targetHints":{"allow":["GET"]}}],"collection":[{"href":"https:\/\/llacademia.com\/index.php\/wp-json\/wp\/v2\/pages"}],"about":[{"href":"https:\/\/llacademia.com\/index.php\/wp-json\/wp\/v2\/types\/page"}],"author":[{"embeddable":true,"href":"https:\/\/llacademia.com\/index.php\/wp-json\/wp\/v2\/users\/2"}],"replies":[{"embeddable":true,"href":"https:\/\/llacademia.com\/index.php\/wp-json\/wp\/v2\/comments?post=4313"}],"version-history":[{"count":0,"href":"https:\/\/llacademia.com\/index.php\/wp-json\/wp\/v2\/pages\/4313\/revisions"}],"wp:attachment":[{"href":"https:\/\/llacademia.com\/index.php\/wp-json\/wp\/v2\/media?parent=4313"}],"curies":[{"name":"wp","href":"https:\/\/api.w.org\/{rel}","templated":true}]}}