{"id":3504,"date":"2020-01-04T22:55:37","date_gmt":"2020-01-04T21:55:37","guid":{"rendered":"https:\/\/domservis.com\/?page_id=3504"},"modified":"2020-01-04T22:58:16","modified_gmt":"2020-01-04T21:58:16","slug":"poletni-zimski-kampi","status":"publish","type":"page","link":"https:\/\/llacademia.com\/index.php\/poletni-zimski-kampi\/","title":{"rendered":"Poletni Zimski kampi"},"content":{"rendered":"<div id=\"pl-3504\"  class=\"panel-layout\" ><div id=\"pg-3504-0\"  class=\"panel-grid panel-no-style\" ><div id=\"pgc-3504-0-0\"  class=\"panel-grid-cell\" ><div id=\"panel-3504-0-0-0\" class=\"so-panel widget widget_sow-image panel-first-child panel-last-child\" data-index=\"0\" ><div\n\t\t\t\n\t\t\tclass=\"so-widget-sow-image so-widget-sow-image-default-8b5b6f678277-3504\"\n\t\t\t\n\t\t>\n<div class=\"sow-image-container\">\n\t\t<img \n\tsrc=\"https:\/\/llacademia.com\/wp-content\/uploads\/2019\/01\/eb30b4082bfd073ecd0b4204e2445b97e673e4d11cb7104696_1920.jpg\" width=\"1920\" height=\"1280\" srcset=\"https:\/\/llacademia.com\/wp-content\/uploads\/2019\/01\/eb30b4082bfd073ecd0b4204e2445b97e673e4d11cb7104696_1920.jpg 1920w, https:\/\/llacademia.com\/wp-content\/uploads\/2019\/01\/eb30b4082bfd073ecd0b4204e2445b97e673e4d11cb7104696_1920-300x200.jpg 300w, https:\/\/llacademia.com\/wp-content\/uploads\/2019\/01\/eb30b4082bfd073ecd0b4204e2445b97e673e4d11cb7104696_1920-768x512.jpg 768w, https:\/\/llacademia.com\/wp-content\/uploads\/2019\/01\/eb30b4082bfd073ecd0b4204e2445b97e673e4d11cb7104696_1920-1024x683.jpg 1024w, https:\/\/llacademia.com\/wp-content\/uploads\/2019\/01\/eb30b4082bfd073ecd0b4204e2445b97e673e4d11cb7104696_1920-245x163.jpg 245w, https:\/\/llacademia.com\/wp-content\/uploads\/2019\/01\/eb30b4082bfd073ecd0b4204e2445b97e673e4d11cb7104696_1920-272x182.jpg 272w\" sizes=\"(max-width: 1920px) 100vw, 1920px\" alt=\"\" \t\tclass=\"so-widget-image\"\/>\n\t<\/div>\n\n<\/div><\/div><\/div><div id=\"pgc-3504-0-1\"  class=\"panel-grid-cell\" ><div id=\"panel-3504-0-1-0\" class=\"so-panel widget widget_sow-editor panel-first-child panel-last-child\" data-index=\"1\" ><div\n\t\t\t\n\t\t\tclass=\"so-widget-sow-editor so-widget-sow-editor-base\"\n\t\t\t\n\t\t><h3 class=\"widget-title\"><span class=\"widget-title__inline\">POLETNI \/ ZIMSKI IZKU\u0160NJA IN IZOBRA\u017dEVALNI KAMPI ZA MLADOST<\/span><\/h3>\n<div class=\"siteorigin-widget-tinymce textwidget\">\n\t<p>V okviru dejavnosti na podro\u010dju pridobivanja in izmenjave znanja so bili \u201ePoletni tabori\u201c in \u201eZimski kampi\u201c zelo priljubljena metoda u\u010denja zunaj doma\u010de dr\u017eave. Tak na\u010din omogo\u010da mladim, da na prijeten na\u010din pridobijo znanje, hkrati pa jim predstavlja na\u010din dru\u017eenja in pridobivanja neprecenljivih izku\u0161enj ob spoznavanju vrstnikov, navad in kultur drugih dr\u017eav.<\/p>\n<p>Poudariti je treba, da so taki kampi tudi prizori\u0161\u010de razli\u010dnih dejavnosti, mre\u017eenja in mednarodnih povezav mladih; torej pove\u010dujejo zaposljivost in konkuren\u010dnost.<\/p>\n<p>Namen taborov, ki jih nameravamo organizirati, je: u\u010diti tuje jezike, razpravljati o vro\u010dih temah v izbranih dr\u017eavah, izvajati ekolo\u0161ke dejavnosti, izvajati \u0161portne aktivnosti in spodbujati ustvarjalnost. Dejavnosti v kampih se izvajajo v sedmih dneh na razli\u010dnih destinacijah (Slovenija, Hrva\u0161ka, \u010ce\u0161ka, Italija, Francija).<\/p>\n<p>Na koncu vsakega tabora udele\u017eenci prejmejo potrdilo o udele\u017ebi in izobra\u017eevanju. * Udele\u017ebo na u\u010dnih taborih za vse, mlaj\u0161e od 18 let, morajo potrditi njihovi star\u0161i ali skrbniki.<\/p>\n<blockquote>\n<p>* U\u010dni kampi zahtevajo najmanj sedem udele\u017eencev.<\/p>\n<\/blockquote>\n<\/div>\n<\/div><\/div><\/div><\/div><div id=\"pg-3504-1\"  class=\"panel-grid panel-no-style\" ><div id=\"pgc-3504-1-0\"  class=\"panel-grid-cell panel-grid-cell-empty panel-grid-cell-mobile-last\" ><\/div><div id=\"pgc-3504-1-1\"  class=\"panel-grid-cell panel-grid-cell-empty\" ><\/div><\/div><\/div>","protected":false},"excerpt":{"rendered":"<p>V okviru dejavnosti na podro\u010dju pridobivanja in izmenjave znanja so bili \u201ePoletni tabori\u201c in \u201eZimski kampi\u201c zelo priljubljena metoda u\u010denja zunaj doma\u010de dr\u017eave. Tak na\u010din omogo\u010da mladim, da na prijeten na\u010din pridobijo znanje, hkrati pa jim predstavlja na\u010din dru\u017eenja in pridobivanja neprecenljivih izku\u0161enj ob spoznavanju vrstnikov, navad in kultur drugih dr\u017eav. Poudariti je treba, da &hellip;<\/p>\n","protected":false},"author":2,"featured_media":0,"parent":0,"menu_order":0,"comment_status":"closed","ping_status":"closed","template":"","meta":{"_acf_changed":false,"footnotes":""},"class_list":{"0":"post-3504","1":"page","2":"type-page","3":"status-publish","5":"clearfix","6":"article"},"acf":[],"_links":{"self":[{"href":"https:\/\/llacademia.com\/index.php\/wp-json\/wp\/v2\/pages\/3504","targetHints":{"allow":["GET"]}}],"collection":[{"href":"https:\/\/llacademia.com\/index.php\/wp-json\/wp\/v2\/pages"}],"about":[{"href":"https:\/\/llacademia.com\/index.php\/wp-json\/wp\/v2\/types\/page"}],"author":[{"embeddable":true,"href":"https:\/\/llacademia.com\/index.php\/wp-json\/wp\/v2\/users\/2"}],"replies":[{"embeddable":true,"href":"https:\/\/llacademia.com\/index.php\/wp-json\/wp\/v2\/comments?post=3504"}],"version-history":[{"count":0,"href":"https:\/\/llacademia.com\/index.php\/wp-json\/wp\/v2\/pages\/3504\/revisions"}],"wp:attachment":[{"href":"https:\/\/llacademia.com\/index.php\/wp-json\/wp\/v2\/media?parent=3504"}],"curies":[{"name":"wp","href":"https:\/\/api.w.org\/{rel}","templated":true}]}}