{"id":3254,"date":"2019-03-20T07:37:08","date_gmt":"2019-03-20T06:37:08","guid":{"rendered":"https:\/\/domservis.com\/?page_id=3254"},"modified":"2019-03-20T07:37:08","modified_gmt":"2019-03-20T06:37:08","slug":"life-learning-club-slo","status":"publish","type":"page","link":"https:\/\/llacademia.com\/index.php\/life-learning-club-slo\/","title":{"rendered":"LIFE learning club Slo"},"content":{"rendered":"<div id=\"pl-3254\"  class=\"panel-layout\"><div id=\"pg-3254-0\"  class=\"panel-grid panel-no-style\"><div id=\"pgc-3254-0-0\"  class=\"panel-grid-cell\"><div id=\"panel-3254-0-0-0\" class=\"so-panel widget widget_sow-editor panel-first-child panel-last-child\" data-index=\"0\"><div\n\t\t\t\n\t\t\tclass=\"so-widget-sow-editor so-widget-sow-editor-base\">\n<div class=\"siteorigin-widget-tinymce textwidget\">\n\t<p><strong>Life Learning Club<\/strong> omogo\u010da \u010dlanom razli\u010dnih narodnosti, da se dru\u017eijo in se medsebojno u\u010dijo. Z veliko seminarji, delavnicami, okroglimi mizami\u2026 je ta klub prostor za u\u010denje, izmenjavo in razvoj novih na\u010dinov razmi\u0161ljanja in povezovanja ljudi.<\/p><\/div><\/div><\/div><\/div><\/div><\/div><p> <a href=\"https:\/\/llacademia.com\/index.php\/life-learning-club-slo\/#more-3254\" class=\"more-link\">Read More<\/a><\/p>","protected":false},"excerpt":{"rendered":"<p>Life Learning Club omogo\u010da \u010dlanom razli\u010dnih narodnosti, da se dru\u017eijo in se medsebojno u\u010dijo. Z veliko seminarji, delavnicami, okroglimi mizami\u2026 je ta klub prostor za u\u010denje, izmenjavo in razvoj novih na\u010dinov razmi\u0161ljanja in povezovanja ljudi. Klub Life Learning je tudi pospe\u0161evalnik rasti, motivacije in prilo\u017enosti, da svoje znanje prenesete na naslednjo stopnjo. Obstajajo namenski dogodki &hellip;<\/p>\n","protected":false},"author":2,"featured_media":1176,"parent":0,"menu_order":0,"comment_status":"closed","ping_status":"closed","template":"","meta":{"_acf_changed":false,"footnotes":""},"class_list":{"0":"post-3254","1":"page","2":"type-page","3":"status-publish","4":"has-post-thumbnail","6":"clearfix","7":"article"},"acf":[],"_links":{"self":[{"href":"https:\/\/llacademia.com\/index.php\/wp-json\/wp\/v2\/pages\/3254","targetHints":{"allow":["GET"]}}],"collection":[{"href":"https:\/\/llacademia.com\/index.php\/wp-json\/wp\/v2\/pages"}],"about":[{"href":"https:\/\/llacademia.com\/index.php\/wp-json\/wp\/v2\/types\/page"}],"author":[{"embeddable":true,"href":"https:\/\/llacademia.com\/index.php\/wp-json\/wp\/v2\/users\/2"}],"replies":[{"embeddable":true,"href":"https:\/\/llacademia.com\/index.php\/wp-json\/wp\/v2\/comments?post=3254"}],"version-history":[{"count":0,"href":"https:\/\/llacademia.com\/index.php\/wp-json\/wp\/v2\/pages\/3254\/revisions"}],"wp:featuredmedia":[{"embeddable":true,"href":"https:\/\/llacademia.com\/index.php\/wp-json\/wp\/v2\/media\/1176"}],"wp:attachment":[{"href":"https:\/\/llacademia.com\/index.php\/wp-json\/wp\/v2\/media?parent=3254"}],"curies":[{"name":"wp","href":"https:\/\/api.w.org\/{rel}","templated":true}]}}