{"id":3160,"date":"2019-03-05T13:28:08","date_gmt":"2019-03-05T12:28:08","guid":{"rendered":"https:\/\/domservis.com\/?page_id=3160"},"modified":"2019-03-05T13:33:06","modified_gmt":"2019-03-05T12:33:06","slug":"letter-of-support-ministry-of-economic-development-and-technology","status":"publish","type":"page","link":"https:\/\/llacademia.com\/index.php\/letter-of-support-ministry-of-economic-development-and-technology\/","title":{"rendered":"Letter of support Ministry of Economic Development and Technology"},"content":{"rendered":"<div id=\"pl-3160\"  class=\"panel-layout\" ><div id=\"pg-3160-0\"  class=\"panel-grid panel-no-style\" ><div id=\"pgc-3160-0-0\"  class=\"panel-grid-cell\" ><div id=\"panel-3160-0-0-0\" class=\"so-panel widget widget_pw_testimonials widget-testimonials panel-first-child\" data-index=\"0\" >\n\t<div class=\"testimonials__container\">\n\n\t<h3 class=\"widget-title\"><span class=\"widget-title__inline\">Letter of support<\/span><\/h3>\n\t\t<div id=\"carousel-testimonials-widget-0-0-0\" class=\"carousel  slide  testimonials\" data-ride=\"carousel\" data-interval=\"false\">\n\t\t\t<!-- Wrapper for slides -->\n\t\t\t<div class=\"carousel-inner\" role=\"listbox\">\n\t\t\t\t<div class=\"carousel-item active\">\n\t\t\t\t\t<div class=\"row\">\n\t\t\t\t\t\t\t\t\t\t\t\t\t<div class=\"col-12  col-md-12\">\n\t\t\t\t\t\t\t\t<div class=\"testimonial\">\n\t\t\t\t\t\t\t\t\t<blockquote class=\"testimonial__quote\">\n\t\t\t\t\t\t\t\t\t\tWe welcome the initiative of the Learning Brand Learning Brand concept within the Life Learning Academia, which enables different organizations to gain access to key skills, exchange experiences and good practices. We are aware that only a knowledge-based society can manage the breakthrough in all segments.\t\t\t\t\t\t\t\t\t<\/blockquote>\n\t\t\t\t\t\t\t\t\t<div class=\"testimonial__author-container\">\n\t\t\t\t\t\t\t\t\t\t\t\t\t\t\t\t\t\t\t\t\t<!-- Author Avatar -->\n\t\t\t\t\t\t\t\t\t\t\t<div class=\"testimonial__author-avatar\">\n\t\t\t\t\t\t\t\t\t\t\t\t<img decoding=\"async\" src=\"https:\/\/llacademia.com\/wp-content\/uploads\/2019\/03\/Life-Learning-Academia-Zdravko_Po\u010dival\u0161ek.jpg\" alt=\"Zdravko Po\u010dival\u0161ek\">\n\t\t\t\t\t\t\t\t\t\t\t<\/div>\n\t\t\t\t\t\t\t\t\t\t\t\t\t\t\t\t\t\t\t\t<div class=\"testimonial__author-info\">\n\t\t\t\t\t\t\t\t\t\t\t<!-- Author Name -->\n\t\t\t\t\t\t\t\t\t\t\t<cite class=\"h6  testimonial__author\">\n\t\t\t\t\t\t\t\t\t\t\t\tZdravko Po\u010dival\u0161ek\t\t\t\t\t\t\t\t\t\t\t<\/cite>\n\t\t\t\t\t\t\t\t\t\t\t<!-- Author Description -->\n\t\t\t\t\t\t\t\t\t\t\t\t\t\t\t\t\t\t\t\t\t\t\t<div class=\"testimonial__author-description\">\n\t\t\t\t\t\t\t\t\t\t\t\t\tMinistry of Economic Development and Technology\t\t\t\t\t\t\t\t\t\t\t\t<\/div>\n\t\t\t\t\t\t\t\t\t\t\t\t\t\t\t\t\t\t\t\t\t<\/div>\n\t\t\t\t\t\t\t\t\t<\/div>\n\t\t\t\t\t\t\t\t\t<!-- Ratings -->\n\t\t\t\t\t\t\t\t\t\t\t\t\t\t\t\t\t<\/div>\n\t\t\t\t\t\t\t<\/div>\n\t\t\t\t\t\t<\/div><\/div> <div class=\"carousel-item\"><div class=\"row\">\t\t\t\t\t\t\t<div class=\"col-12  col-md-12\">\n\t\t\t\t\t\t\t\t<div class=\"testimonial\">\n\t\t\t\t\t\t\t\t\t<blockquote class=\"testimonial__quote\">\n\t\t\t\t\t\t\t\t\t\tPozdravljamo pobudo koncepta\u00a0U\u010de\u010dih se organizacij\u00a0z metodo\u00a0Learning Brand\u00a0v okviru\u00a0Life Learning Academia, ki omogo\u010da razli\u010dnim organizacijam dostop do klju\u010dnih znanj, izmenjavo izku\u0161enj in dobrih praks. Zavedamo se, da le na znanju temelje\u010di dru\u017ebi lahko uspe preboj v vseh segmentih.\t\t\t\t\t\t\t\t\t<\/blockquote>\n\t\t\t\t\t\t\t\t\t<div class=\"testimonial__author-container\">\n\t\t\t\t\t\t\t\t\t\t\t\t\t\t\t\t\t\t\t\t\t<!-- Author Avatar -->\n\t\t\t\t\t\t\t\t\t\t\t<div class=\"testimonial__author-avatar\">\n\t\t\t\t\t\t\t\t\t\t\t\t<img decoding=\"async\" src=\"https:\/\/llacademia.com\/wp-content\/uploads\/2019\/03\/Life-Learning-Academia-Zdravko_Po\u010dival\u0161ek.jpg\" alt=\"Zdravko Po\u010dival\u0161ek\">\n\t\t\t\t\t\t\t\t\t\t\t<\/div>\n\t\t\t\t\t\t\t\t\t\t\t\t\t\t\t\t\t\t\t\t<div class=\"testimonial__author-info\">\n\t\t\t\t\t\t\t\t\t\t\t<!-- Author Name -->\n\t\t\t\t\t\t\t\t\t\t\t<cite class=\"h6  testimonial__author\">\n\t\t\t\t\t\t\t\t\t\t\t\tZdravko Po\u010dival\u0161ek\t\t\t\t\t\t\t\t\t\t\t<\/cite>\n\t\t\t\t\t\t\t\t\t\t\t<!-- Author Description -->\n\t\t\t\t\t\t\t\t\t\t\t\t\t\t\t\t\t\t\t\t\t\t\t<div class=\"testimonial__author-description\">\n\t\t\t\t\t\t\t\t\t\t\t\t\tMinister za gospodarski razvoj in tehnologijo\t\t\t\t\t\t\t\t\t\t\t\t<\/div>\n\t\t\t\t\t\t\t\t\t\t\t\t\t\t\t\t\t\t\t\t\t<\/div>\n\t\t\t\t\t\t\t\t\t<\/div>\n\t\t\t\t\t\t\t\t\t<!-- Ratings -->\n\t\t\t\t\t\t\t\t\t\t\t\t\t\t\t\t\t<\/div>\n\t\t\t\t\t\t\t<\/div>\n\t\t\t\t\t\t\t\t\t\t\t<\/div>\n\t\t\t\t<\/div>\n\t\t\t<\/div>\n\t\t<\/div>\n\n\t\t<div class=\"testimonial__carousel-container\">\n\t\t\t\t\t\t\t<a class=\"testimonial__carousel  testimonial__carousel--left\" href=\"#carousel-testimonials-widget-0-0-0\" data-slide=\"prev\"><i class=\"fa  fa-long-arrow-left\" aria-hidden=\"true\"><\/i><span class=\"sr-only\" role=\"button\">Next<\/span><\/a>\n\t\t\t\n\t\t\t\t\t\t\t<a class=\"testimonial__carousel  testimonial__carousel--right\" href=\"#carousel-testimonials-widget-0-0-0\" data-slide=\"next\"><i class=\"fa  fa-long-arrow-right\" aria-hidden=\"true\"><\/i><span class=\"sr-only\" role=\"button\">Previous<\/span><\/a>\n\t\t\t\t\t<\/div>\n\n\t<\/div>\n\n<\/div><div id=\"panel-3160-0-0-1\" class=\"so-panel widget widget_sow-editor panel-last-child\" data-index=\"1\" ><div\n\t\t\t\n\t\t\tclass=\"so-widget-sow-editor so-widget-sow-editor-base\"\n\t\t\t\n\t\t>\n<div class=\"siteorigin-widget-tinymce textwidget\">\n\t<p>Gospodarstvo nujno potrebuje inovacije, kreativnost, hitro odzivnost in prilagajanje na spremembe, zato nova znanja in povezovanje predstavljajo temelje za rast in razvoj podjetij in tako pripomorejo k pove\u010danju konkuren\u010dnosti slovenskega gospodarstva.<\/p>\n<p><img loading=\"lazy\" decoding=\"async\" class=\"aligncenter size-full wp-image-3161\" src=\"https:\/\/llacademia.com\/wp-content\/uploads\/2019\/03\/Life_Learning_academia_Leter-MZG.png\" alt=\"\" width=\"748\" height=\"1056\" srcset=\"https:\/\/llacademia.com\/wp-content\/uploads\/2019\/03\/Life_Learning_academia_Leter-MZG.png 748w, https:\/\/llacademia.com\/wp-content\/uploads\/2019\/03\/Life_Learning_academia_Leter-MZG-213x300.png 213w, https:\/\/llacademia.com\/wp-content\/uploads\/2019\/03\/Life_Learning_academia_Leter-MZG-725x1024.png 725w\" sizes=\"auto, (max-width: 748px) 100vw, 748px\" \/><\/p>\n<\/div>\n<\/div><\/div><\/div><\/div><\/div>","protected":false},"excerpt":{"rendered":"<p>Gospodarstvo nujno potrebuje inovacije, kreativnost, hitro odzivnost in prilagajanje na spremembe, zato nova znanja in povezovanje predstavljajo temelje za rast in razvoj podjetij in tako pripomorejo k pove\u010danju konkuren\u010dnosti slovenskega gospodarstva.<\/p>\n","protected":false},"author":2,"featured_media":0,"parent":0,"menu_order":0,"comment_status":"closed","ping_status":"closed","template":"","meta":{"_acf_changed":false,"footnotes":""},"class_list":{"0":"post-3160","1":"page","2":"type-page","3":"status-publish","5":"clearfix","6":"article"},"acf":[],"_links":{"self":[{"href":"https:\/\/llacademia.com\/index.php\/wp-json\/wp\/v2\/pages\/3160","targetHints":{"allow":["GET"]}}],"collection":[{"href":"https:\/\/llacademia.com\/index.php\/wp-json\/wp\/v2\/pages"}],"about":[{"href":"https:\/\/llacademia.com\/index.php\/wp-json\/wp\/v2\/types\/page"}],"author":[{"embeddable":true,"href":"https:\/\/llacademia.com\/index.php\/wp-json\/wp\/v2\/users\/2"}],"replies":[{"embeddable":true,"href":"https:\/\/llacademia.com\/index.php\/wp-json\/wp\/v2\/comments?post=3160"}],"version-history":[{"count":0,"href":"https:\/\/llacademia.com\/index.php\/wp-json\/wp\/v2\/pages\/3160\/revisions"}],"wp:attachment":[{"href":"https:\/\/llacademia.com\/index.php\/wp-json\/wp\/v2\/media?parent=3160"}],"curies":[{"name":"wp","href":"https:\/\/api.w.org\/{rel}","templated":true}]}}