{"id":1332,"date":"2019-01-14T22:23:34","date_gmt":"2019-01-14T21:23:34","guid":{"rendered":"https:\/\/domservis.com\/?page_id=1332"},"modified":"2019-03-05T20:13:08","modified_gmt":"2019-03-05T19:13:08","slug":"lets-talk-while-walk","status":"publish","type":"page","link":"https:\/\/llacademia.com\/index.php\/global-project\/save-the-world\/lets-talk-while-walk\/","title":{"rendered":"Let&#8217;s talk while walk"},"content":{"rendered":"<div id=\"pl-1332\"  class=\"panel-layout\" ><div id=\"pg-1332-0\"  class=\"panel-grid panel-no-style\" ><div id=\"pgc-1332-0-0\"  class=\"panel-grid-cell\" ><div id=\"panel-1332-0-0-0\" class=\"so-panel widget widget_nav_menu panel-first-child panel-last-child\" data-index=\"0\" ><div class=\"menu-save-menu-container\"><ul id=\"menu-save-menu\" class=\"menu\"><li id=\"menu-item-3002\" class=\"menu-item menu-item-type-post_type menu-item-object-page menu-item-3002\"><a href=\"https:\/\/llacademia.com\/index.php\/global-project\/save-the-world\/food-thought\/\">Save  the food<\/a><\/li>\n<li id=\"menu-item-3003\" class=\"menu-item menu-item-type-post_type menu-item-object-page menu-item-3003\"><a href=\"https:\/\/llacademia.com\/index.php\/global-project\/save-the-world\/save-the-water\/\">Save The Water<\/a><\/li>\n<li id=\"menu-item-3000\" class=\"menu-item menu-item-type-post_type menu-item-object-page menu-item-3000\"><a href=\"https:\/\/llacademia.com\/index.php\/global-project\/save-the-world\/corporate-social-responsibility\/\">Corporate Social Responsibility<\/a><\/li>\n<li id=\"menu-item-3001\" class=\"menu-item menu-item-type-post_type menu-item-object-page menu-item-3001\"><a href=\"https:\/\/llacademia.com\/index.php\/global-project\/save-the-world\/lets-talk-while-walk\/\">Let&#8217;s talk while walk<\/a><\/li>\n<li id=\"menu-item-3182\" class=\"menu-item menu-item-type-post_type menu-item-object-page menu-item-3182\"><a href=\"https:\/\/llacademia.com\/index.php\/global-project\/save-the-world\/women-without-borders\/\">Women without borders<\/a><\/li>\n<\/ul><\/div><\/div><\/div><div id=\"pgc-1332-0-1\"  class=\"panel-grid-cell\" ><div id=\"panel-1332-0-1-0\" class=\"so-panel widget widget_sow-editor panel-first-child panel-last-child\" data-index=\"1\" ><div\n\t\t\t\n\t\t\tclass=\"so-widget-sow-editor so-widget-sow-editor-base\"\n\t\t\t\n\t\t>\n<div class=\"siteorigin-widget-tinymce textwidget\">\n\t<p><span style=\"font-weight: 400;\">V organizaciji Life Learning Academia smo se sredi pomladanskih mesecev 2016 odlo\u010dili, da bomo sestanke pri katerih ne potrebujemo veliko predstavitvenih materialov ali tehnologije izvajali izven pisarni\u0161kih prostorov. <\/span><\/p>\n<p><span style=\"font-weight: 400;\">\u00a0<strong>Zakaj?<\/strong><\/span><\/p>\n<p><span style=\"font-weight: 400;\">To se nam je zdelo pomembno zato, ker ve\u010dina managerjev in ostalih pisarni\u0161kih delavcev delo opravlja sede, delavniki pa so dandanes vse dalj\u0161i. \u00a0Vse to pa zagotovo ni dobro za na\u0161e telo in um. <\/span><span style=\"font-weight: 400;\"><br \/>\n<\/span><span style=\"font-weight: 400;\">Na sestanku izven pisarne (sprehod), pa v telo vnesemo sve\u017e zrak in se hkrati razgibamo. \u0160e ve\u010d! Med gibanjem\/sprehodom bolje \u010dutno zaznavamo, saj si zapomnimo slike, zvoke ali druge okoli\u0161\u010dine, ki so okoli nas in so zato tovrstni sestanki uspe\u0161ni in u\u010dinkoviti za vse tipe oseb (slu\u0161ni, vizuelni in kinesteti\u010dni). <\/span><\/p>\n<p><span style=\"font-weight: 400;\"><img loading=\"lazy\" decoding=\"async\" class=\"size-medium wp-image-2945 alignleft\" src=\"https:\/\/llacademia.com\/wp-content\/uploads\/2019\/02\/LLA-Walk-300x222.png\" alt=\"\" width=\"300\" height=\"222\" srcset=\"https:\/\/llacademia.com\/wp-content\/uploads\/2019\/02\/LLA-Walk-300x222.png 300w, https:\/\/llacademia.com\/wp-content\/uploads\/2019\/02\/LLA-Walk.png 590w\" sizes=\"auto, (max-width: 300px) 100vw, 300px\" \/><\/span><span style=\"font-weight: 400;\">Ko smo pri\u010deli projekt izvajati, smo naklju\u010dno \u00bbnaleteli\u00ab na raziskavo, ki jo prilagamo in veseli nas, da so poleg zgoraj navedenih u\u010dinkov tovrstnih sestankov izven pisarni\u0161kih prostorov tudi ostali, ki blagodejno vplivajo na stimualacijo na\u0161ih mo\u017eganov. <\/span><span style=\"font-weight: 400;\"><br \/>\n<\/span><span style=\"font-weight: 400;\">Tudi svetovno uveljavljeni in prepoznavni podjetji Google in Apple sta v svojo strategijo delovanja uvedli \u00bbsestanke na sprehodu\u00ab in ostala \u00a0\u00bbposlovna sprehajalna sre\u010danja\u00ab. Rezultati ka\u017eejo, da so tak\u0161ni sestanki in sre\u010danja dobri. <\/span><\/p>\n<p>&nbsp;<\/p>\n<p>&nbsp;<\/p>\n<p><b>Primer strokovne razlage:<\/b><\/p>\n<p><span style=\"font-weight: 400;\">Poznate koga, ki med pogovorom po telefonu hodi gor in dol po prostoru? <\/span><span style=\"font-weight: 400;\"><br \/>\n<\/span><span style=\"font-weight: 400;\">Razlog za to je v veliki meri nevrolo\u0161ke narave (povezano z dvemi povezanimi \u017eivci v mo\u017eganih).<\/span><span style=\"font-weight: 400;\"><br \/>\n<\/span><span style=\"font-weight: 400;\">\u017divec za oddajajo informacij med gibanjem in \u017eivec, ki oddaja informacije med zvokom, oz. med tem, ko govorimo. Oba sta v mo\u017eganih nekako povezana.<\/span><\/p>\n<p><strong>Ljudje smo nevrolo\u0161ko in \u017ei\u010dno bitje. \u00a0Oboje hkrati. <\/strong><\/p>\n<p><span style=\"font-weight: 400;\">\u017divec, ki prena\u0161a podatke gibanje in \u017eivec, ki prena\u0161a zvok informacij v mo\u017eganih, se zdru\u017eita v osmem lobanjskem predelu \u017eivcev, ki se imenuje vestibulocochlear. To v nadaljevanju pomeni, da ko se stimulira enega od teh dveh \u017eivcev, deluje tudi drugi. Ni \u010dudno torej, da se ljudje selijo, ko so v fazi poslu\u0161anja ali govorjenja. <\/span><\/p>\n<p><span style=\"font-weight: 400;\">Strokovnjaki ugotavljajo, da tudi v razredu, nekateri med poukom izra\u017eajo te\u017enjo po gibanju. To je povsem naravno in otroci pri tem niso ni\u010d \u00bbkrivi\u00ab saj imajo le tako zgrajene\/sestavljene mo\u017egane.<\/span><\/p>\n<p><span style=\"font-weight: 400;\">Ko se pogovarjate in ste v tem \u010dasu tudi v gibanju\/se premikate s tem tudi vzpodbujate mo\u017egane, da optimalno delujejo. Torej so posledi\u010dno po tak\u0161nem sestanku <strong>\u00bbWalk while you talk\u00ab<\/strong> , lahko u\u010dinki bolj\u0161i. Ne smemo pa zanemariti dejstva, da je to pomembno tudi v \u0161oli za u\u010dence\/dijake, saj lahko tako bolj optimalno sprejemajo snov in dosegajo bolj\u0161i u\u010dni uspeh\/akademski rezultat. <\/span><\/p>\n<p>&nbsp;<\/p>\n<\/div>\n<\/div><\/div><\/div><\/div><div id=\"pg-1332-1\"  class=\"panel-grid panel-has-style\" ><div class=\"siteorigin-panels-stretch panel-row-style panel-row-style-for-1332-1\" data-stretch-type=\"full\" ><div id=\"pgc-1332-1-0\"  class=\"panel-grid-cell\" ><div id=\"panel-1332-1-0-0\" class=\"so-panel widget widget_sow-editor panel-first-child panel-last-child\" data-index=\"2\" ><div\n\t\t\t\n\t\t\tclass=\"so-widget-sow-editor so-widget-sow-editor-base\"\n\t\t\t\n\t\t>\n<div class=\"siteorigin-widget-tinymce textwidget\">\n\t<p><span class=\"icon-container\"><span class=\"fa fa-check\" style=\"color:#fec103;\"><\/span><\/span> <span style=\"color: #ffffff;\"><b><i>Vabimo tudi ostale organizacije, da nam sledijo in dovolijo svojim sodelavcem gibanje med sestankom ali telefonskim pogovorom.<\/i><\/b><\/span><\/p>\n<\/div>\n<\/div><\/div><\/div><\/div><\/div><div id=\"pg-1332-2\"  class=\"panel-grid panel-no-style\" ><div id=\"pgc-1332-2-0\"  class=\"panel-grid-cell\" ><div id=\"panel-1332-2-0-0\" class=\"so-panel widget widget_sow-image panel-first-child\" data-index=\"3\" ><div\n\t\t\t\n\t\t\tclass=\"so-widget-sow-image so-widget-sow-image-default-8b5b6f678277-1332\"\n\t\t\t\n\t\t>\n<div class=\"sow-image-container\">\n\t\t<img \n\tsrc=\"https:\/\/llacademia.com\/wp-content\/uploads\/2019\/01\/ea30b0062df4023ecd0b4204e2445b97e672e3d619b6124893_1920.jpg\" width=\"1920\" height=\"1281\" srcset=\"https:\/\/llacademia.com\/wp-content\/uploads\/2019\/01\/ea30b0062df4023ecd0b4204e2445b97e672e3d619b6124893_1920.jpg 1920w, https:\/\/llacademia.com\/wp-content\/uploads\/2019\/01\/ea30b0062df4023ecd0b4204e2445b97e672e3d619b6124893_1920-300x200.jpg 300w, https:\/\/llacademia.com\/wp-content\/uploads\/2019\/01\/ea30b0062df4023ecd0b4204e2445b97e672e3d619b6124893_1920-768x512.jpg 768w, https:\/\/llacademia.com\/wp-content\/uploads\/2019\/01\/ea30b0062df4023ecd0b4204e2445b97e672e3d619b6124893_1920-1024x683.jpg 1024w, https:\/\/llacademia.com\/wp-content\/uploads\/2019\/01\/ea30b0062df4023ecd0b4204e2445b97e672e3d619b6124893_1920-245x163.jpg 245w, https:\/\/llacademia.com\/wp-content\/uploads\/2019\/01\/ea30b0062df4023ecd0b4204e2445b97e672e3d619b6124893_1920-272x182.jpg 272w\" sizes=\"(max-width: 1920px) 100vw, 1920px\" alt=\"LLae\" \t\tclass=\"so-widget-image\"\/>\n\t<\/div>\n\n<\/div><\/div><div id=\"panel-1332-2-0-1\" class=\"so-panel widget widget_sow-editor panel-last-child\" data-index=\"4\" ><div\n\t\t\t\n\t\t\tclass=\"so-widget-sow-editor so-widget-sow-editor-base\"\n\t\t\t\n\t\t>\n<div class=\"siteorigin-widget-tinymce textwidget\">\n\t<p><span style=\"font-weight: 400;\">Original \u010dlanek:<\/span><\/p>\n<p><b>Allow kids to walk or move while they talk and listen.<\/b><\/p>\n<p><span style=\"font-weight: 400;\">Do you know someone who paces or walks when talking on the phone? There\u2019s a neurological reason for that and it largely has to do with the convergence of two nerves in the brain.<\/span><\/p>\n<p><span style=\"font-weight: 400;\">The nerve that transmits movement information and the nerve that transmits sound information in the brain join together to form the eighth cranial nerve, which is called the vestibulocochlear nerve. When either of these two nerves is stimulated, so is the other. No wonder people move when they are listening\u2014think of people at a music concert. We are neurologically wired to be doing both at the same time.<\/span><\/p>\n<p><span style=\"font-weight: 400;\">In the classroom, as kids listen to instruction, you will see them hankering to move. Naturally. That\u2019s not just kids being kids, that\u2019s the way brains are built.<\/span><\/p>\n<p><span style=\"font-weight: 400;\">This is partly why the brilliant minds at Google and Apple find such improved creative and problem solving results from holding a meeting at the same time they are taking a walk. Walking meetings, they call them, and it\u2019s a brilliant strategy.<\/span><\/p>\n<p><span style=\"font-weight: 400;\">Allow kids to walk or move their bodies as they talk and listen to foster optimal brain function and better academic outcomes.<\/span><\/p>\n<p>&nbsp;<\/p>\n<p><span style=\"font-weight: 400;\">Vir: <\/span><\/p>\n<p><a href=\"http:\/\/www.yogapeutics.com\/blog\/move-to-think-why-kids-need-more-movement-for-brain-function-what-we-can-do-about-it\"><span style=\"font-weight: 400;\">http:\/\/www.yogapeutics.com\/blog\/move-to-think-why-kids-need-more-movement-for-brain-function-what-we-can-do-about-it<\/span><\/a><\/p>\n<\/div>\n<\/div><\/div><\/div><\/div><\/div>","protected":false},"excerpt":{"rendered":"<p>V organizaciji Life Learning Academia smo se sredi pomladanskih mesecev 2016 odlo\u010dili, da bomo sestanke pri katerih ne potrebujemo veliko predstavitvenih materialov ali tehnologije izvajali izven pisarni\u0161kih prostorov. \u00a0Zakaj? To se nam je zdelo pomembno zato, ker ve\u010dina managerjev in ostalih pisarni\u0161kih delavcev delo opravlja sede, delavniki pa so dandanes vse dalj\u0161i. \u00a0Vse to pa &hellip;<\/p>\n","protected":false},"author":2,"featured_media":0,"parent":1266,"menu_order":0,"comment_status":"closed","ping_status":"closed","template":"","meta":{"_acf_changed":false,"footnotes":""},"class_list":{"0":"post-1332","1":"page","2":"type-page","3":"status-publish","5":"clearfix","6":"article"},"acf":[],"_links":{"self":[{"href":"https:\/\/llacademia.com\/index.php\/wp-json\/wp\/v2\/pages\/1332","targetHints":{"allow":["GET"]}}],"collection":[{"href":"https:\/\/llacademia.com\/index.php\/wp-json\/wp\/v2\/pages"}],"about":[{"href":"https:\/\/llacademia.com\/index.php\/wp-json\/wp\/v2\/types\/page"}],"author":[{"embeddable":true,"href":"https:\/\/llacademia.com\/index.php\/wp-json\/wp\/v2\/users\/2"}],"replies":[{"embeddable":true,"href":"https:\/\/llacademia.com\/index.php\/wp-json\/wp\/v2\/comments?post=1332"}],"version-history":[{"count":0,"href":"https:\/\/llacademia.com\/index.php\/wp-json\/wp\/v2\/pages\/1332\/revisions"}],"up":[{"embeddable":true,"href":"https:\/\/llacademia.com\/index.php\/wp-json\/wp\/v2\/pages\/1266"}],"wp:attachment":[{"href":"https:\/\/llacademia.com\/index.php\/wp-json\/wp\/v2\/media?parent=1332"}],"curies":[{"name":"wp","href":"https:\/\/api.w.org\/{rel}","templated":true}]}}